{"id":27923,"date":"2017-09-08T15:11:01","date_gmt":"2017-09-08T13:11:01","guid":{"rendered":"https:\/\/www.krk-mariana.com\/percorsi-a-piedi\/"},"modified":"2017-09-08T15:11:01","modified_gmt":"2017-09-08T13:11:01","slug":"percorsi-a-piedi","status":"publish","type":"page","link":"https:\/\/www.krk-mariana.com\/it\/percorsi-a-piedi\/","title":{"rendered":"PERCORSI A PIEDI"},"content":{"rendered":"<p>[et_pb_section bb_built=&#8221;1&#8243; admin_label=&#8221;section&#8221; _builder_version=&#8221;3.0.51&#8243; use_background_color_gradient=&#8221;on&#8221; background_color_gradient_start=&#8221;#d6d38d&#8221; background_color_gradient_end=&#8221;#000022&#8243;][et_pb_row admin_label=&#8221;Zeile&#8221; background_position=&#8221;top_left&#8221; background_repeat=&#8221;repeat&#8221; background_size=&#8221;initial&#8221;][et_pb_column type=&#8221;4_4&#8243;][et_pb_text admin_label=&#8221;Text&#8221; _builder_version=&#8221;3.0.49&#8243; background_layout=&#8221;light&#8221; text_orientation=&#8221;left&#8221; border_style=&#8221;solid&#8221;]<\/p>\n<h1>PERCORSI A PIEDI<\/h1>\n<p>&nbsp;<br \/>\n[\/et_pb_text][\/et_pb_column][\/et_pb_row][et_pb_row admin_label=&#8221;row&#8221; background_position=&#8221;top_left&#8221; background_repeat=&#8221;repeat&#8221; background_size=&#8221;initial&#8221;][et_pb_column type=&#8221;1_3&#8243;][et_pb_text admin_label=&#8221;1. Lage&#8221; _builder_version=&#8221;3.0.49&#8243; background_layout=&#8221;light&#8221; text_orientation=&#8221;left&#8221; border_style=&#8221;solid&#8221; use_border_color=&#8221;on&#8221; border_color=&#8221;#666666&#8243; background_color=&#8221;#eeeeee&#8221; custom_padding=&#8221;10px|10px|10px|10px&#8221;]<\/p>\n<h3>POSIZIONE<\/h3>\n<p>L\u2019isola di Veglia (Krk) \u00e9 situata nel Golfo del Quarnero, nel bacino settentrionale del mare Adriatico. \u00c9 una delle isole pi\u00fa vaste dell\u2019Adriatico e la pi\u00fa vicina al continente europeo, al quale \u00e9 collegata da un ampio ponte. Sulla sua costa nord-occidentale sorgono gli abitati di Punat e Stara Ba\u0161ka, dai quali partono i sentieri tracciati dai pastori che si inerpicano fino alle cime pi\u00fa alte dell\u2019isola:<br \/>\nVeli Hlam (482 m), Zmina (537 m), Veli Vrh (541 m), Brestovica (558 m) e Obzovo (568 m).<\/p>\n<p>[\/et_pb_text][\/et_pb_column][et_pb_column type=&#8221;1_3&#8243;][et_pb_image admin_label=&#8221;Bild&#8221; _builder_version=&#8221;3.0.51&#8243; src=&#8221;https:\/\/www.krk-mariana.com\/wp-content\/uploads\/2017\/05\/p1000891.jpg&#8221; show_in_lightbox=&#8221;on&#8221; url_new_window=&#8221;off&#8221; use_overlay=&#8221;off&#8221; sticky=&#8221;off&#8221; align=&#8221;left&#8221; always_center_on_mobile=&#8221;on&#8221; border_style=&#8221;solid&#8221; force_fullwidth=&#8221;on&#8221; module_class=&#8221;polaroid&#8221; custom_css_main_element=&#8221;z-index: 1;||-webkit-transform: rotate(-4deg);||-moz-transform: rotate(-4deg);&#8221; custom_margin=&#8221;20%|||&#8221; custom_margin_last_edited=&#8221;on|tablet&#8221; animation=&#8221;off&#8221; \/][\/et_pb_column][et_pb_column type=&#8221;1_3&#8243;][et_pb_text admin_label=&#8221;2. Landschaft&#8221; _builder_version=&#8221;3.0.51&#8243; background_layout=&#8221;light&#8221; text_orientation=&#8221;left&#8221; border_style=&#8221;solid&#8221; use_border_color=&#8221;on&#8221; border_color=&#8221;#666666&#8243; background_color=&#8221;#eeeeee&#8221; custom_padding=&#8221;10px|10px|10px|10px&#8221; custom_margin=&#8221;||-15%|&#8221;]<\/p>\n<h3>IL PAESAGGIO<\/h3>\n<p>Lungo i percorsi si susseguono muretti a secco, che fiancheggiano i numerosi viottoli, orti, vigneti, rifugi in pietra per i pastori, bacini per la raccolta dell\u2019acqua piovana, recinti in pietra per il ricovero delle greggi, pozze carsiche piene d\u2019acqua, pascoli biancheggianti di pecore, vette rocciose con vedute panoramiche sul mare e sui dintorni. Qui ci si pu\u00f2 imbattere in caprioli, lepri, volpi, numerose variet\u00e0 di uccelli, tra cui il grifone a testa bianca che \u00e8 una specieprotetta, e ancora cavallette e molti tipi di farfalle, lucertole, rettili e rane.<\/p>\n<p>[\/et_pb_text][\/et_pb_column][\/et_pb_row][et_pb_row admin_label=&#8221;row&#8221; background_position=&#8221;top_left&#8221; background_repeat=&#8221;repeat&#8221; background_size=&#8221;initial&#8221;][et_pb_column type=&#8221;1_3&#8243;][et_pb_image admin_label=&#8221;Bild&#8221; _builder_version=&#8221;3.0.51&#8243; src=&#8221;https:\/\/www.krk-mariana.com\/wp-content\/uploads\/2017\/05\/p1000894.jpg&#8221; show_in_lightbox=&#8221;on&#8221; url_new_window=&#8221;off&#8221; use_overlay=&#8221;off&#8221; sticky=&#8221;off&#8221; align=&#8221;left&#8221; always_center_on_mobile=&#8221;on&#8221; border_style=&#8221;solid&#8221; force_fullwidth=&#8221;on&#8221; module_class=&#8221;polaroid&#8221; custom_css_main_element=&#8221;z-index: 1;||-webkit-transform: rotate(-5deg);||-moz-transform: rotate(-5deg);&#8221; custom_margin=&#8221;30%|||&#8221; custom_margin_last_edited=&#8221;on|desktop&#8221; animation=&#8221;off&#8221; \/][\/et_pb_column][et_pb_column type=&#8221;1_3&#8243;][et_pb_text admin_label=&#8221;3. Ausgangspunkte&#8221; _builder_version=&#8221;3.0.49&#8243; background_layout=&#8221;light&#8221; text_orientation=&#8221;left&#8221; border_style=&#8221;solid&#8221; use_border_color=&#8221;on&#8221; border_color=&#8221;#666666&#8243; background_color=&#8221;#eeeeee&#8221; custom_padding=&#8221;10px|10px|10px|10px&#8221;]<\/p>\n<h3>PUNTI DI PARTENZA<\/h3>\n<p>A Punat si trovano tre possibili punti di partenza: Prgon (sulla variante sotto l\u2019acquedotto), Ricomp (presso l\u2019osteria \u201cK\u2019Ribaru\u201d e presso il cimitero), Za Rimon (sulla strada vicino alla casa del cacciatore), cui vanno aggiunti i sentieri di Prgon \u2013 Kanajt (sopra la Marina) e di Punta debij \u2013 presso il campeggio \u201eKonobe\u201c (lungo il mare).<br \/>\nA Stara Ba\u0161ka, invece, i punti di partenza sono tre:<br \/>\nuno per Punat e due per Batomalj. Da Ba\u0161\u0107anska Draga, infine, un punto si trova presso la cappella lungo la strada, un altro<br \/>\nda Jurnadvor e Batomalj e uno dal valico di Treskavac.<\/p>\n<p>[\/et_pb_text][\/et_pb_column][et_pb_column type=&#8221;1_3&#8243;][et_pb_image admin_label=&#8221;Bild&#8221; _builder_version=&#8221;3.0.51&#8243; src=&#8221;https:\/\/www.krk-mariana.com\/wp-content\/uploads\/2017\/05\/p1000900.jpg&#8221; show_in_lightbox=&#8221;on&#8221; url_new_window=&#8221;off&#8221; use_overlay=&#8221;off&#8221; sticky=&#8221;off&#8221; align=&#8221;left&#8221; always_center_on_mobile=&#8221;on&#8221; border_style=&#8221;solid&#8221; force_fullwidth=&#8221;off&#8221; module_class=&#8221;polaroid&#8221; custom_css_main_element=&#8221;z-index: 1;||-webkit-transform: rotate(4deg);||-moz-transform: rotate(4deg);&#8221; animation=&#8221;off&#8221; \/][\/et_pb_column][\/et_pb_row][et_pb_row admin_label=&#8221;row&#8221; background_position=&#8221;top_left&#8221; background_repeat=&#8221;repeat&#8221; background_size=&#8221;initial&#8221;][et_pb_column type=&#8221;1_3&#8243;][et_pb_text admin_label=&#8221;4. Hinweise&#8221; _builder_version=&#8221;3.0.51&#8243; background_layout=&#8221;light&#8221; text_orientation=&#8221;left&#8221; border_style=&#8221;solid&#8221; use_border_color=&#8221;on&#8221; border_color=&#8221;#666666&#8243; background_color=&#8221;#eeeeee&#8221; custom_padding=&#8221;10px|10px|10px|10px&#8221; custom_css_main_element=&#8221;z-index: 10;&#8221;]<\/p>\n<h3>SEGNALETICA SUI SENTIERI<\/h3>\n<p>AAd ogni punto di partenza sono state poste delle tabelle con l\u2019indicazione della direzione da seguire e del tempo di marcia. Lungo i sentieri la segnaletica \u00e8 visibile sulle pietre sotto forma di bandierina >(dimensioni 15&#215;10 cm) prevalentemente di colore bianco e rosso, oppure bianco e azzurro o bianco e verde. La frequenza dei segnali varia tra i 20 e i 50 metri.<br \/>\nAgli incroci le direzioni da prendere sono indicate su pietre pi\u00fa<br \/>\ngrandi.<\/p>\n<p>[\/et_pb_text][\/et_pb_column][et_pb_column type=&#8221;1_3&#8243;][et_pb_image admin_label=&#8221;Bild&#8221; _builder_version=&#8221;3.0.51&#8243; src=&#8221;https:\/\/www.krk-mariana.com\/wp-content\/uploads\/2017\/05\/p1010175.jpg&#8221; show_in_lightbox=&#8221;on&#8221; url_new_window=&#8221;off&#8221; use_overlay=&#8221;off&#8221; sticky=&#8221;off&#8221; align=&#8221;left&#8221; always_center_on_mobile=&#8221;on&#8221; border_style=&#8221;solid&#8221; force_fullwidth=&#8221;off&#8221; module_class=&#8221;polaroid&#8221; custom_css_main_element=&#8221;z-index: 1;||-webkit-transform: rotate(2deg);||-moz-transform: rotate(2deg);&#8221; custom_margin=&#8221;15%|||&#8221; custom_margin_last_edited=&#8221;on|tablet&#8221; animation=&#8221;off&#8221; \/][\/et_pb_column][et_pb_column type=&#8221;1_3&#8243;][et_pb_text admin_label=&#8221;5. Wanderzeit&#8221; _builder_version=&#8221;3.0.50&#8243; background_layout=&#8221;light&#8221; text_orientation=&#8221;left&#8221; border_style=&#8221;solid&#8221; use_border_color=&#8221;on&#8221; border_color=&#8221;#666666&#8243; background_color=&#8221;#eeeeee&#8221; custom_padding=&#8221;10px|10px|10px|10px&#8221;]<\/p>\n<h3>DAUER DER WANDERZEIT<\/h3>\n<p>Il cammino fino ai pianori pi\u00fa bassi dura da 30 min. ad 1 h (250-350 m sul livello del mare), mentre fino a quelli pi\u00fa elevati da 1 a quasi 2 h (350 \u2013 500 m sul livello del mare). Il fondo dei percorsi, sui pianori e lungo le salite, \u00e9 in pietra viva o in pietrisco, oppure erboso o in terra, mentre vicino alle sommit\u00e0 diventa roccioso. Dalle prime salite e pianori lo sguardo abbraccia i villaggi ed il mare; dalle sommit\u00e0, invece, lo sguardo si allarga su gran parte dell\u2019isola di Veglia, sulle isole del Quarnero e sulla costa. Ai sentieri segnalati sono collegati gli abitati di Punat, Draga Ba\u0161\u0107anska, Stara Ba\u0161ka, Batomalj, Jurandvor e Ba\u0161ka.<\/p>\n<p>[\/et_pb_text][\/et_pb_column][\/et_pb_row][et_pb_row admin_label=&#8221;row&#8221; background_position=&#8221;top_left&#8221; background_repeat=&#8221;repeat&#8221; background_size=&#8221;initial&#8221;][et_pb_column type=&#8221;1_3&#8243;][et_pb_image admin_label=&#8221;Bild&#8221; _builder_version=&#8221;3.0.51&#8243; src=&#8221;https:\/\/www.krk-mariana.com\/wp-content\/uploads\/2017\/05\/p1010189.jpg&#8221; show_in_lightbox=&#8221;on&#8221; url_new_window=&#8221;off&#8221; use_overlay=&#8221;off&#8221; sticky=&#8221;off&#8221; align=&#8221;left&#8221; always_center_on_mobile=&#8221;on&#8221; border_style=&#8221;solid&#8221; force_fullwidth=&#8221;off&#8221; module_class=&#8221;polaroid&#8221; custom_css_main_element=&#8221;z-index: 1;||-webkit-transform: rotate(3deg);||-moz-transform: rotate(3deg);&#8221; custom_margin=&#8221;-10%|||&#8221; animation=&#8221;off&#8221; \/][\/et_pb_column][et_pb_column type=&#8221;1_3&#8243;][et_pb_text admin_label=&#8221;6. denken sollte&#8221; _builder_version=&#8221;3.0.51&#8243; background_layout=&#8221;light&#8221; text_orientation=&#8221;left&#8221; border_style=&#8221;solid&#8221; use_border_color=&#8221;on&#8221; border_color=&#8221;#666666&#8243; background_color=&#8221;#eeeeee&#8221; custom_padding=&#8221;10px|10px|10px|10px&#8221; custom_css_main_element=&#8221;z-index: 10;&#8221; custom_margin=&#8221;||5%|&#8221;]<\/p>\n<h3>CONSIGLI<\/h3>\n<p>Calzature: solide e con suola pi\u00fa spessa (almeno robuste<br \/>\nscarpe da tennis), calze grosse e alte. Abiti:<br \/>\na) estate: leggeri e chiari, proteggare la testa e il collo dal sole, evitare la parte pi\u00fa calda della giornata;<br \/>\nb) primavera, autunno: camiciotto o maglia pi\u00fa grossa;<br \/>\nc) inverno: giaccone a vento, impermeabile.<\/p>\n<p>[\/et_pb_text][\/et_pb_column][et_pb_column type=&#8221;1_3&#8243;][et_pb_image admin_label=&#8221;Bild&#8221; _builder_version=&#8221;3.0.51&#8243; src=&#8221;https:\/\/www.krk-mariana.com\/wp-content\/uploads\/2017\/05\/p1010229.jpg&#8221; show_in_lightbox=&#8221;on&#8221; url_new_window=&#8221;off&#8221; use_overlay=&#8221;off&#8221; sticky=&#8221;off&#8221; align=&#8221;left&#8221; always_center_on_mobile=&#8221;on&#8221; border_style=&#8221;solid&#8221; force_fullwidth=&#8221;off&#8221; module_class=&#8221;polaroid&#8221; custom_css_main_element=&#8221;z-index: 1;||-webkit-transform: rotate(6deg);||-moz-transform: rotate(6deg);&#8221; animation=&#8221;off&#8221; \/][\/et_pb_column][\/et_pb_row][et_pb_row admin_label=&#8221;row&#8221; background_position=&#8221;top_left&#8221; background_repeat=&#8221;repeat&#8221; background_size=&#8221;initial&#8221;][et_pb_column type=&#8221;1_3&#8243;][et_pb_text admin_label=&#8221;7. Wanderausstattung&#8221; _builder_version=&#8221;3.0.51&#8243; background_layout=&#8221;light&#8221; text_orientation=&#8221;left&#8221; border_style=&#8221;solid&#8221; use_border_color=&#8221;on&#8221; border_color=&#8221;#666666&#8243; background_color=&#8221;#eeeeee&#8221; custom_padding=&#8221;10px|10px|10px|10px&#8221; custom_css_main_element=&#8221;z-index: 10;&#8221;]<\/p>\n<h3>CONSIGLI<\/h3>\n<p>Calzature: solide e con suola pi\u00fa spessa (almeno robuste<br \/>\nscarpe da tennis), calze grosse e alte. Abiti:<br \/>\na) estate: leggeri e chiari, proteggare la testa e il collo dal sole, evitare la parte pi\u00fa calda della giornata;<br \/>\nb) primavera, autunno: camiciotto o maglia pi\u00fa grossa;<br \/>\nc) inverno: giaccone a vento, impermeabile.<\/p>\n<p>[\/et_pb_text][\/et_pb_column][et_pb_column type=&#8221;1_3&#8243;][et_pb_image admin_label=&#8221;Bild&#8221; _builder_version=&#8221;3.0.51&#8243; src=&#8221;https:\/\/www.krk-mariana.com\/wp-content\/uploads\/2017\/05\/p1010275.jpg&#8221; show_in_lightbox=&#8221;on&#8221; url_new_window=&#8221;off&#8221; use_overlay=&#8221;off&#8221; sticky=&#8221;off&#8221; align=&#8221;left&#8221; always_center_on_mobile=&#8221;on&#8221; border_style=&#8221;solid&#8221; force_fullwidth=&#8221;off&#8221; module_class=&#8221;polaroid&#8221; custom_css_main_element=&#8221;z-index: 1;||-webkit-transform: rotate(-12deg);||-moz-transform: rotate(-12deg);&#8221; animation=&#8221;off&#8221; \/][\/et_pb_column][et_pb_column type=&#8221;1_3&#8243;][et_pb_text admin_label=&#8221;8. Verkehr&#8221; _builder_version=&#8221;3.0.51&#8243; background_layout=&#8221;light&#8221; text_orientation=&#8221;left&#8221; border_style=&#8221;solid&#8221; use_border_color=&#8221;on&#8221; border_color=&#8221;#666666&#8243; background_color=&#8221;#eeeeee&#8221; custom_padding=&#8221;10px|10px|10px|10px&#8221; custom_css_main_element=&#8221;z-index: 10;&#8221; custom_margin=&#8221;5%||-15%|&#8221;]<br \/>\n&lt;h3&gt;COLLEGAMENTI&lt;\/h3&gt;<br \/>\nServizio regolare di pullman sulla tratta Rijeka (Fiume)-Ba\u0161ka\u2013Rijeka, ogni giorno dalle 06.00 alle 21.00, con frequenza di 2 ore. Fermate a Punat, Draga Ba\u0161ka, Jurandvor, Ba\u0161ka.<br \/>\nPer la fermata di Treskavac \u00e8 necessario avvisare l\u2019autista.<\/p>\n<p>[\/et_pb_text][\/et_pb_column][\/et_pb_row][et_pb_row admin_label=&#8221;row&#8221; background_position=&#8221;top_left&#8221; background_repeat=&#8221;repeat&#8221; background_size=&#8221;initial&#8221;][et_pb_column type=&#8221;1_3&#8243;][et_pb_image admin_label=&#8221;Bild&#8221; _builder_version=&#8221;3.0.51&#8243; src=&#8221;https:\/\/www.krk-mariana.com\/wp-content\/uploads\/2017\/05\/p1010284.jpg&#8221; show_in_lightbox=&#8221;on&#8221; url_new_window=&#8221;off&#8221; use_overlay=&#8221;off&#8221; sticky=&#8221;off&#8221; align=&#8221;left&#8221; always_center_on_mobile=&#8221;on&#8221; border_style=&#8221;solid&#8221; force_fullwidth=&#8221;on&#8221; module_class=&#8221;polaroid&#8221; custom_css_main_element=&#8221;z-index: 1;||-webkit-transform: rotate(-7deg);||-moz-transform: rotate(-7deg);&#8221; custom_margin=&#8221;30%|||&#8221; custom_margin_last_edited=&#8221;on|desktop&#8221; animation=&#8221;off&#8221; \/][\/et_pb_column][et_pb_column type=&#8221;1_3&#8243;][et_pb_text admin_label=&#8221;9. Wichtig&#8221; _builder_version=&#8221;3.0.51&#8243; background_layout=&#8221;light&#8221; text_orientation=&#8221;left&#8221; border_style=&#8221;solid&#8221; use_border_color=&#8221;on&#8221; border_color=&#8221;#666666&#8243; background_color=&#8221;#eeeeee&#8221; custom_padding=&#8221;10px|10px|10px|10px&#8221; custom_css_main_element=&#8221;z-index: 20;&#8221; custom_margin=&#8221;||10%|&#8221;]<\/p>\n<h3>AVVERTENZE<\/h3>\n<p>Non spaventate le pecore, non danneggiate o saltate i muretti a secco, ma utilizzate le apposite aperture. Chiudete ed aprite con cura gli steccati dei passaggi. Durante il tardo autunno, l\u2019inverno e gli inizi della primavera, una forte \u201cbura\u201d soffia spesso da nord est, con refoli che possono addirittura far cadere un uomo. Con le nuvole basse c\u2019\u00e9 il pericolo di fulmini. Alle persone affette da disturbi cardiaci e agli asmatici si raccomanda di evitare le salite pi\u00f9 ripide. In primavera, d\u2019estate e nel primo autunno, pi\u00fa spesso al mattino o al tramonto, \u00e8 possibile imbattersi in rettili velenosi. Il loro morso, sulle braccia o sulle gambe non \u00e9 mortale, ma bisogna immediatamente raggiungere un medico.<\/p>\n<p>[\/et_pb_text][\/et_pb_column][et_pb_column type=&#8221;1_3&#8243;][et_pb_image admin_label=&#8221;Bild&#8221; _builder_version=&#8221;3.0.51&#8243; src=&#8221;https:\/\/www.krk-mariana.com\/wp-content\/uploads\/2017\/05\/p1010174.jpg&#8221; show_in_lightbox=&#8221;on&#8221; url_new_window=&#8221;off&#8221; use_overlay=&#8221;off&#8221; sticky=&#8221;off&#8221; align=&#8221;left&#8221; always_center_on_mobile=&#8221;on&#8221; border_style=&#8221;solid&#8221; force_fullwidth=&#8221;off&#8221; module_class=&#8221;polaroid&#8221; custom_css_main_element=&#8221;z-index: 11;||-webkit-transform: rotate(-2deg);||-moz-transform: rotate(-2deg);&#8221; custom_margin=&#8221;-10%|||&#8221; animation=&#8221;off&#8221; \/][\/et_pb_column][\/et_pb_row][\/et_pb_section][et_pb_section bb_built=&#8221;1&#8243; admin_label=&#8221;Sektion&#8221; fullwidth=&#8221;on&#8221; specialty=&#8221;off&#8221; _builder_version=&#8221;3.0.51&#8243;][et_pb_fullwidth_code admin_label=&#8221;Zacken&#8221; _builder_version=&#8221;3.0.51&#8243; custom_css_before=&#8221;display:block;||position:absolute;||content:&#8221;;||left: 0;||width: 100%;||height: 50px;||background-size: 100px 100%;||top: 0;||background-image: -webkit-gradient(linear, 0 0, 10% 100%, color-stop(0.5, #000044), color-stop(0.5, #000022));||background-image: linear-gradient(15deg, #000044 50%, #000022 50%);&#8221; \/][\/et_pb_section]<\/p>\n","protected":false},"excerpt":{"rendered":"<p>PERCORSI A PIEDI &nbsp; POSIZIONE L\u2019isola di Veglia (Krk) \u00e9 situata nel Golfo del Quarnero, nel bacino settentrionale del mare Adriatico. \u00c9 una delle isole pi\u00fa vaste dell\u2019Adriatico e la pi\u00fa vicina al continente europeo, al quale \u00e9 collegata da un ampio ponte. Sulla sua costa nord-occidentale sorgono gli abitati di Punat e Stara Ba\u0161ka, [&hellip;]<\/p>\n","protected":false},"author":1,"featured_media":0,"parent":0,"menu_order":60,"comment_status":"closed","ping_status":"closed","template":"","meta":{"_et_pb_use_builder":"on","_et_pb_old_content":"","_et_gb_content_width":"","footnotes":""},"class_list":["post-27923","page","type-page","status-publish","hentry"],"yoast_head":"<!-- This site is optimized with the Yoast SEO plugin v27.4 - https:\/\/yoast.com\/product\/yoast-seo-wordpress\/ -->\n<title>PERCORSI A PIEDI &#8226; Mariana Krk<\/title>\n<meta name=\"robots\" content=\"index, follow, max-snippet:-1, max-image-preview:large, max-video-preview:-1\" \/>\n<link rel=\"canonical\" href=\"https:\/\/www.krk-mariana.com\/it\/percorsi-a-piedi\/\" \/>\n<meta property=\"og:locale\" content=\"it_IT\" \/>\n<meta property=\"og:type\" content=\"article\" \/>\n<meta property=\"og:title\" content=\"PERCORSI A PIEDI &#8226; Mariana Krk\" \/>\n<meta property=\"og:description\" content=\"PERCORSI A PIEDI &nbsp; POSIZIONE L\u2019isola di Veglia (Krk) \u00e9 situata nel Golfo del Quarnero, nel bacino settentrionale del mare Adriatico. \u00c9 una delle isole pi\u00fa vaste dell\u2019Adriatico e la pi\u00fa vicina al continente europeo, al quale \u00e9 collegata da un ampio ponte. Sulla sua costa nord-occidentale sorgono gli abitati di Punat e Stara Ba\u0161ka, [&hellip;]\" \/>\n<meta property=\"og:url\" content=\"https:\/\/www.krk-mariana.com\/it\/percorsi-a-piedi\/\" \/>\n<meta property=\"og:site_name\" content=\"Mariana Krk\" \/>\n<meta property=\"article:publisher\" content=\"https:\/\/www.facebook.com\/marianastarabaska\/\" \/>\n<meta property=\"og:image\" content=\"https:\/\/www.krk-mariana.com\/wp-content\/uploads\/2017\/05\/mariana-back-lowq.jpg\" \/>\n\t<meta property=\"og:image:width\" content=\"1440\" \/>\n\t<meta property=\"og:image:height\" content=\"1080\" \/>\n\t<meta property=\"og:image:type\" content=\"image\/jpeg\" \/>\n<meta name=\"twitter:card\" content=\"summary_large_image\" \/>\n<meta name=\"twitter:label1\" content=\"Tempo di lettura stimato\" \/>\n\t<meta name=\"twitter:data1\" content=\"10 minuti\" \/>\n<script type=\"application\/ld+json\" class=\"yoast-schema-graph\">{\"@context\":\"https:\\\/\\\/schema.org\",\"@graph\":[{\"@type\":\"WebPage\",\"@id\":\"https:\\\/\\\/www.krk-mariana.com\\\/it\\\/percorsi-a-piedi\\\/\",\"url\":\"https:\\\/\\\/www.krk-mariana.com\\\/it\\\/percorsi-a-piedi\\\/\",\"name\":\"PERCORSI A PIEDI &#8226; Mariana Krk\",\"isPartOf\":{\"@id\":\"https:\\\/\\\/www.krk-mariana.com\\\/#website\"},\"datePublished\":\"2017-09-08T13:11:01+00:00\",\"breadcrumb\":{\"@id\":\"https:\\\/\\\/www.krk-mariana.com\\\/it\\\/percorsi-a-piedi\\\/#breadcrumb\"},\"inLanguage\":\"it-IT\",\"potentialAction\":[{\"@type\":\"ReadAction\",\"target\":[\"https:\\\/\\\/www.krk-mariana.com\\\/it\\\/percorsi-a-piedi\\\/\"]}]},{\"@type\":\"BreadcrumbList\",\"@id\":\"https:\\\/\\\/www.krk-mariana.com\\\/it\\\/percorsi-a-piedi\\\/#breadcrumb\",\"itemListElement\":[{\"@type\":\"ListItem\",\"position\":1,\"name\":\"Startseite\",\"item\":\"https:\\\/\\\/www.krk-mariana.com\\\/\"},{\"@type\":\"ListItem\",\"position\":2,\"name\":\"PERCORSI A PIEDI\"}]},{\"@type\":\"WebSite\",\"@id\":\"https:\\\/\\\/www.krk-mariana.com\\\/#website\",\"url\":\"https:\\\/\\\/www.krk-mariana.com\\\/\",\"name\":\"Mariana Krk\",\"description\":\"Urlaub auf der Insel Krk\",\"potentialAction\":[{\"@type\":\"SearchAction\",\"target\":{\"@type\":\"EntryPoint\",\"urlTemplate\":\"https:\\\/\\\/www.krk-mariana.com\\\/?s={search_term_string}\"},\"query-input\":{\"@type\":\"PropertyValueSpecification\",\"valueRequired\":true,\"valueName\":\"search_term_string\"}}],\"inLanguage\":\"it-IT\"}]}<\/script>\n<!-- \/ Yoast SEO plugin. -->","yoast_head_json":{"title":"PERCORSI A PIEDI &#8226; Mariana Krk","robots":{"index":"index","follow":"follow","max-snippet":"max-snippet:-1","max-image-preview":"max-image-preview:large","max-video-preview":"max-video-preview:-1"},"canonical":"https:\/\/www.krk-mariana.com\/it\/percorsi-a-piedi\/","og_locale":"it_IT","og_type":"article","og_title":"PERCORSI A PIEDI &#8226; Mariana Krk","og_description":"PERCORSI A PIEDI &nbsp; POSIZIONE L\u2019isola di Veglia (Krk) \u00e9 situata nel Golfo del Quarnero, nel bacino settentrionale del mare Adriatico. \u00c9 una delle isole pi\u00fa vaste dell\u2019Adriatico e la pi\u00fa vicina al continente europeo, al quale \u00e9 collegata da un ampio ponte. Sulla sua costa nord-occidentale sorgono gli abitati di Punat e Stara Ba\u0161ka, [&hellip;]","og_url":"https:\/\/www.krk-mariana.com\/it\/percorsi-a-piedi\/","og_site_name":"Mariana Krk","article_publisher":"https:\/\/www.facebook.com\/marianastarabaska\/","og_image":[{"width":1440,"height":1080,"url":"https:\/\/www.krk-mariana.com\/wp-content\/uploads\/2017\/05\/mariana-back-lowq.jpg","type":"image\/jpeg"}],"twitter_card":"summary_large_image","twitter_misc":{"Tempo di lettura stimato":"10 minuti"},"schema":{"@context":"https:\/\/schema.org","@graph":[{"@type":"WebPage","@id":"https:\/\/www.krk-mariana.com\/it\/percorsi-a-piedi\/","url":"https:\/\/www.krk-mariana.com\/it\/percorsi-a-piedi\/","name":"PERCORSI A PIEDI &#8226; Mariana Krk","isPartOf":{"@id":"https:\/\/www.krk-mariana.com\/#website"},"datePublished":"2017-09-08T13:11:01+00:00","breadcrumb":{"@id":"https:\/\/www.krk-mariana.com\/it\/percorsi-a-piedi\/#breadcrumb"},"inLanguage":"it-IT","potentialAction":[{"@type":"ReadAction","target":["https:\/\/www.krk-mariana.com\/it\/percorsi-a-piedi\/"]}]},{"@type":"BreadcrumbList","@id":"https:\/\/www.krk-mariana.com\/it\/percorsi-a-piedi\/#breadcrumb","itemListElement":[{"@type":"ListItem","position":1,"name":"Startseite","item":"https:\/\/www.krk-mariana.com\/"},{"@type":"ListItem","position":2,"name":"PERCORSI A PIEDI"}]},{"@type":"WebSite","@id":"https:\/\/www.krk-mariana.com\/#website","url":"https:\/\/www.krk-mariana.com\/","name":"Mariana Krk","description":"Urlaub auf der Insel Krk","potentialAction":[{"@type":"SearchAction","target":{"@type":"EntryPoint","urlTemplate":"https:\/\/www.krk-mariana.com\/?s={search_term_string}"},"query-input":{"@type":"PropertyValueSpecification","valueRequired":true,"valueName":"search_term_string"}}],"inLanguage":"it-IT"}]}},"_links":{"self":[{"href":"https:\/\/www.krk-mariana.com\/it\/wp-json\/wp\/v2\/pages\/27923","targetHints":{"allow":["GET"]}}],"collection":[{"href":"https:\/\/www.krk-mariana.com\/it\/wp-json\/wp\/v2\/pages"}],"about":[{"href":"https:\/\/www.krk-mariana.com\/it\/wp-json\/wp\/v2\/types\/page"}],"author":[{"embeddable":true,"href":"https:\/\/www.krk-mariana.com\/it\/wp-json\/wp\/v2\/users\/1"}],"replies":[{"embeddable":true,"href":"https:\/\/www.krk-mariana.com\/it\/wp-json\/wp\/v2\/comments?post=27923"}],"version-history":[{"count":0,"href":"https:\/\/www.krk-mariana.com\/it\/wp-json\/wp\/v2\/pages\/27923\/revisions"}],"wp:attachment":[{"href":"https:\/\/www.krk-mariana.com\/it\/wp-json\/wp\/v2\/media?parent=27923"}],"curies":[{"name":"wp","href":"https:\/\/api.w.org\/{rel}","templated":true}]}}