{"id":27935,"date":"2017-09-08T15:19:51","date_gmt":"2017-09-08T13:19:51","guid":{"rendered":"https:\/\/www.krk-mariana.com\/savjeti\/"},"modified":"2017-09-08T15:19:51","modified_gmt":"2017-09-08T13:19:51","slug":"savjeti","status":"publish","type":"page","link":"https:\/\/www.krk-mariana.com\/hr\/savjeti\/","title":{"rendered":"SAVJETI"},"content":{"rendered":"<p>[et_pb_section bb_built=&#8221;1&#8243; admin_label=&#8221;section&#8221; _builder_version=&#8221;3.0.51&#8243; use_background_color_gradient=&#8221;on&#8221; background_color_gradient_start=&#8221;#d6d38d&#8221; background_color_gradient_end=&#8221;#000022&#8243;][et_pb_row admin_label=&#8221;Zeile&#8221; background_position=&#8221;top_left&#8221; background_repeat=&#8221;repeat&#8221; background_size=&#8221;initial&#8221;][et_pb_column type=&#8221;4_4&#8243;][et_pb_text admin_label=&#8221;Text&#8221; _builder_version=&#8221;3.0.49&#8243; background_layout=&#8221;light&#8221; text_orientation=&#8221;left&#8221; border_style=&#8221;solid&#8221;]<\/p>\n<h1>OZNA\u00bbENA STAZA<\/h1>\n<p>[\/et_pb_text][\/et_pb_column][\/et_pb_row][et_pb_row admin_label=&#8221;row&#8221; background_position=&#8221;top_left&#8221; background_repeat=&#8221;repeat&#8221; background_size=&#8221;initial&#8221;][et_pb_column type=&#8221;1_3&#8243;][et_pb_text admin_label=&#8221;1. Lage&#8221; _builder_version=&#8221;3.0.49&#8243; background_layout=&#8221;light&#8221; text_orientation=&#8221;left&#8221; border_style=&#8221;solid&#8221; use_border_color=&#8221;on&#8221; border_color=&#8221;#666666&#8243; background_color=&#8221;#eeeeee&#8221; custom_padding=&#8221;10px|10px|10px|10px&#8221;]<\/p>\n<h3>UPOZORENJA<\/h3>\n<p>jerati ovce, ne ru\u0161iti i ne preskakati suhozid<br \/>\n\u2013 prolaziti kroz ugra\u0111ene prolaze. Pa\u017eljivo otvarati i zatvarati sva<br \/>\nvrata na prolazima. Zimi, u kasnu jesen i rano prolje\u0107e pu\u0161e jak<br \/>\nsjeveroisto\u010dni vjetar (bura), \u010diji udari mogu oboriti \u010dovjeka. Za<br \/>\nniske naoblake postoji mogu\u0107nost udara groma. Sr\u010dani bolesnici i<br \/>\nastmati\u010dari trebaju izbjegavati<br \/>\nstrme uspone. U<br \/>\nprolje\u0107e, ljeti i u ranu<br \/>\njesen, naj\u010de\u0161\u0107e izjutra ili<br \/>\nu predve\u010derje, mo\u017ee se<br \/>\nnai\u0107i na zmije otrovnice.<br \/>\nUjed u predio udova nije<br \/>\nsmrtonosan, ali treba \u0161to<br \/>\nprije do\u0107i do lije\u010dnika.<br \/>\nAn der S\u00fcdwestk\u00fcste der Insel Krk liegen die Ortschaften Punat und Stara Ba\u0161ka, von wo aus Hirtenwege zu den h\u00f6chsten Berggipfen der Insel Krk f\u00fchren: Veli Hlam (482 m), Zmina (537 m), Veli Vrh (541 m), Brestovica (558 m) und Obzovo (568 m).<\/p>\n<p>[\/et_pb_text][\/et_pb_column][et_pb_column type=&#8221;1_3&#8243;][et_pb_image admin_label=&#8221;Bild&#8221; _builder_version=&#8221;3.0.51&#8243; src=&#8221;https:\/\/www.krk-mariana.com\/wp-content\/uploads\/2017\/05\/p1000891.jpg&#8221; show_in_lightbox=&#8221;on&#8221; url_new_window=&#8221;off&#8221; use_overlay=&#8221;off&#8221; sticky=&#8221;off&#8221; align=&#8221;left&#8221; always_center_on_mobile=&#8221;on&#8221; border_style=&#8221;solid&#8221; force_fullwidth=&#8221;on&#8221; module_class=&#8221;polaroid&#8221; custom_css_main_element=&#8221;z-index: 1;||-webkit-transform: rotate(-4deg);||-moz-transform: rotate(-4deg);&#8221; custom_margin=&#8221;20%|||&#8221; custom_margin_last_edited=&#8221;on|tablet&#8221; animation=&#8221;off&#8221; \/][\/et_pb_column][et_pb_column type=&#8221;1_3&#8243;][et_pb_text admin_label=&#8221;2. Landschaft&#8221; _builder_version=&#8221;3.0.51&#8243; background_layout=&#8221;light&#8221; text_orientation=&#8221;left&#8221; border_style=&#8221;solid&#8221; use_border_color=&#8221;on&#8221; border_color=&#8221;#666666&#8243; background_color=&#8221;#eeeeee&#8221; custom_padding=&#8221;10px|10px|10px|10px&#8221; custom_margin=&#8221;||-15%|&#8221;]<\/p>\n<h3>KRAJOLIK<\/h3>\n<p>Uz staze susre\u0107emo nizove suhozida, maslinike, vinograde<br \/>\ni putove ogra\u0111ene suhozidom, skloni\u0161ta za pastire od<br \/>\nsuhozida (komarde), skupljali\u0161ta ki\u0161nice i skupljali\u0161ta za ovce od<br \/>\nsuhozida, kra\u0161ke lokve, pa\u0161njake ispunjene stadima ovaca, kamene<br \/>\nvrhove s panoramskim pogledom na more i okolicu. Mo\u017eemo<br \/>\nsusresti srnu, zeca, lisicu,<br \/>\nbrojne vrste ptica<br \/>\n(od kojih je strvinar<br \/>\nbjeloglavi sup za\u0161ti\u0107ena<br \/>\nvrsta), skakavce i brojne<br \/>\nvrste leptira, gu\u0161tere,<br \/>\nzmije i \u017eabe.<\/p>\n<p>[\/et_pb_text][\/et_pb_column][\/et_pb_row][et_pb_row admin_label=&#8221;row&#8221; background_position=&#8221;top_left&#8221; background_repeat=&#8221;repeat&#8221; background_size=&#8221;initial&#8221;][et_pb_column type=&#8221;1_3&#8243;][et_pb_image admin_label=&#8221;Bild&#8221; _builder_version=&#8221;3.0.51&#8243; src=&#8221;https:\/\/www.krk-mariana.com\/wp-content\/uploads\/2017\/05\/p1000894.jpg&#8221; show_in_lightbox=&#8221;on&#8221; url_new_window=&#8221;off&#8221; use_overlay=&#8221;off&#8221; sticky=&#8221;off&#8221; align=&#8221;left&#8221; always_center_on_mobile=&#8221;on&#8221; border_style=&#8221;solid&#8221; force_fullwidth=&#8221;on&#8221; module_class=&#8221;polaroid&#8221; custom_css_main_element=&#8221;z-index: 1;||-webkit-transform: rotate(-5deg);||-moz-transform: rotate(-5deg);&#8221; custom_margin=&#8221;30%|||&#8221; custom_margin_last_edited=&#8221;on|desktop&#8221; animation=&#8221;off&#8221; \/][\/et_pb_column][et_pb_column type=&#8221;1_3&#8243;][et_pb_text admin_label=&#8221;3. Ausgangspunkte&#8221; _builder_version=&#8221;3.0.49&#8243; background_layout=&#8221;light&#8221; text_orientation=&#8221;left&#8221; border_style=&#8221;solid&#8221; use_border_color=&#8221;on&#8221; border_color=&#8221;#666666&#8243; background_color=&#8221;#eeeeee&#8221; custom_padding=&#8221;10px|10px|10px|10px&#8221;]<\/p>\n<h3>POLAZI\u0160TA<\/h3>\n<p>Postoje tri<br \/>\npje\u0161a\u010dka polazi\u0161ta iz<br \/>\nPunta: Prgon (na zaobilaznoj<br \/>\ncesti ispod vodospreme),<br \/>\nRicomp (kod gostionice \u201cK Ribaru\u201d ili kod groblja),<br \/>\nZa Rimon (na cesti u blizini lova\u010dkog doma), kao i dvije \u0161etnice:<br \/>\nPrgon \u2013 Kanajt (iznad marine), Punta debij \u2013 Kamp \u201cKonobe\u201d (uz<br \/>\nmore). Tri su polazi\u0161ta i iz Stare Ba\u0161ke: jedno za Punat i dva za Batomalj.<br \/>\nIz Drage Ba\u0161\u0107anske jedno je polazi\u0161te kod kapele uz cestu,<br \/>\njedno iz Jurandvora i Batomlja i jedno s prijevoja Treskavac.<\/p>\n<p>[\/et_pb_text][\/et_pb_column][et_pb_column type=&#8221;1_3&#8243;][et_pb_image admin_label=&#8221;Bild&#8221; _builder_version=&#8221;3.0.51&#8243; src=&#8221;https:\/\/www.krk-mariana.com\/wp-content\/uploads\/2017\/05\/p1000900.jpg&#8221; show_in_lightbox=&#8221;on&#8221; url_new_window=&#8221;off&#8221; use_overlay=&#8221;off&#8221; sticky=&#8221;off&#8221; align=&#8221;left&#8221; always_center_on_mobile=&#8221;on&#8221; border_style=&#8221;solid&#8221; force_fullwidth=&#8221;off&#8221; module_class=&#8221;polaroid&#8221; custom_css_main_element=&#8221;z-index: 1;||-webkit-transform: rotate(4deg);||-moz-transform: rotate(4deg);&#8221; animation=&#8221;off&#8221; \/][\/et_pb_column][\/et_pb_row][et_pb_row admin_label=&#8221;row&#8221; background_position=&#8221;top_left&#8221; background_repeat=&#8221;repeat&#8221; background_size=&#8221;initial&#8221;][et_pb_column type=&#8221;1_3&#8243;][et_pb_text admin_label=&#8221;4. Hinweise&#8221; _builder_version=&#8221;3.0.51&#8243; background_layout=&#8221;light&#8221; text_orientation=&#8221;left&#8221; border_style=&#8221;solid&#8221; use_border_color=&#8221;on&#8221; border_color=&#8221;#666666&#8243; background_color=&#8221;#eeeeee&#8221; custom_padding=&#8221;10px|10px|10px|10px&#8221; custom_css_main_element=&#8221;z-index: 10;&#8221;]<\/p>\n<h3>OZNAKE<\/h3>\n<p>Na polazi\u0161tima su postavljene plo\u010de s obavijestima o<br \/>\npravcu kretanja i trajanju hoda. Po stazama su oznake na kamenju<br \/>\nu obliku kruga, strelice i zastavice, veli\u010dine 15 x 10 cm, u crvenobijeloj<br \/>\nboji (ve\u0107ina) te plavo-bijeloj i zeleno-bijeloj boji. Oznake se<br \/>\npojavljuju svakih 20 do 50 m. Na ve\u0107em su kamenju na raskri\u017ejima<br \/>\nozna\u010deni pravci kretanja.<\/p>\n<p>[\/et_pb_text][\/et_pb_column][et_pb_column type=&#8221;1_3&#8243;][et_pb_image admin_label=&#8221;Bild&#8221; _builder_version=&#8221;3.0.51&#8243; src=&#8221;https:\/\/www.krk-mariana.com\/wp-content\/uploads\/2017\/05\/p1010175.jpg&#8221; show_in_lightbox=&#8221;on&#8221; url_new_window=&#8221;off&#8221; use_overlay=&#8221;off&#8221; sticky=&#8221;off&#8221; align=&#8221;left&#8221; always_center_on_mobile=&#8221;on&#8221; border_style=&#8221;solid&#8221; force_fullwidth=&#8221;off&#8221; module_class=&#8221;polaroid&#8221; custom_css_main_element=&#8221;z-index: 1;||-webkit-transform: rotate(2deg);||-moz-transform: rotate(2deg);&#8221; custom_margin=&#8221;15%|||&#8221; custom_margin_last_edited=&#8221;on|tablet&#8221; animation=&#8221;off&#8221; \/][\/et_pb_column][et_pb_column type=&#8221;1_3&#8243;][et_pb_text admin_label=&#8221;5. Wanderzeit&#8221; _builder_version=&#8221;3.0.50&#8243; background_layout=&#8221;light&#8221; text_orientation=&#8221;left&#8221; border_style=&#8221;solid&#8221; use_border_color=&#8221;on&#8221; border_color=&#8221;#666666&#8243; background_color=&#8221;#eeeeee&#8221; custom_padding=&#8221;10px|10px|10px|10px&#8221;]<\/p>\n<h3>KRETANJE<\/h3>\n<p>Hod do ni\u017eih visoravni traje od 30 min do 1 h (250-350<br \/>\nm nadmorske visine), a do vi\u0161ih visoravni od 1 do 2 sata (350-500<br \/>\nm nadmorske visine). Podloga je staza na usponima i visoravnima<br \/>\nkamenita, dijelom travnata ili zemljana, a po vrhovima je kamenita.<br \/>\nStaze nisu pogodne za vo\u017enju biciklima. S po\u010detnih uspona i<br \/>\nvisoravni pru\u017ea se pogled na naselja i more, a s vrhova panoramski<br \/>\npogled na ve\u0107i dio otoka Krka,<br \/>\nkvarnerske otoke i kopno.<br \/>\nOzna\u010dene staze povezuju naselja<br \/>\nPunat, Draga Ba\u0161\u0107anska,<br \/>\nStara Ba\u0161ka, Batomalj, Jurandvor<br \/>\ni Ba\u0161ka.<\/p>\n<p>[\/et_pb_text][\/et_pb_column][\/et_pb_row][et_pb_row admin_label=&#8221;row&#8221; background_position=&#8221;top_left&#8221; background_repeat=&#8221;repeat&#8221; background_size=&#8221;initial&#8221;][et_pb_column type=&#8221;1_3&#8243;][et_pb_image admin_label=&#8221;Bild&#8221; _builder_version=&#8221;3.0.51&#8243; src=&#8221;https:\/\/www.krk-mariana.com\/wp-content\/uploads\/2017\/05\/p1010189.jpg&#8221; show_in_lightbox=&#8221;on&#8221; url_new_window=&#8221;off&#8221; use_overlay=&#8221;off&#8221; sticky=&#8221;off&#8221; align=&#8221;left&#8221; always_center_on_mobile=&#8221;on&#8221; border_style=&#8221;solid&#8221; force_fullwidth=&#8221;off&#8221; module_class=&#8221;polaroid&#8221; custom_css_main_element=&#8221;z-index: 1;||-webkit-transform: rotate(3deg);||-moz-transform: rotate(3deg);&#8221; custom_margin=&#8221;-10%|||&#8221; animation=&#8221;off&#8221; \/][\/et_pb_column][et_pb_column type=&#8221;1_3&#8243;][et_pb_text admin_label=&#8221;6. denken sollte&#8221; _builder_version=&#8221;3.0.51&#8243; background_layout=&#8221;light&#8221; text_orientation=&#8221;left&#8221; border_style=&#8221;solid&#8221; use_border_color=&#8221;on&#8221; border_color=&#8221;#666666&#8243; background_color=&#8221;#eeeeee&#8221; custom_padding=&#8221;10px|10px|10px|10px&#8221; custom_css_main_element=&#8221;z-index: 10;&#8221; custom_margin=&#8221;||5%|&#8221;]<\/p>\n<h3>SAVJETI<\/h3>\n<p>Obu\u0107a: \u010dvrsta i s debljom<br \/>\npodlogom (barem \u010dvrste<br \/>\ntenisice), \u010darape deblje i<br \/>\nvisoke. Odje\u0107a: a) ljeti: lagana<br \/>\ni svijetla; za\u0161tititi glavu i vrat<br \/>\nod sunca; izbjegavati najtopliji<br \/>\ndio dana, b) u prolje\u0107e i jesen:<br \/>\njakna ili deblja majica, c) zimi:<br \/>\nvjetrovka, kabanica. Oprema:<br \/>\nnaprtnja\u010da, plasti\u010dne boce za<br \/>\npi\u0107e, flaster, zavoj, no\u017e. Pi\u0107e:<br \/>\nza svaki sat hoda ponijeti cca 0,25 l napitka; ljeti za svaki sat hoda<br \/>\ndo 0,5 l napitka.<\/p>\n<p>[\/et_pb_text][\/et_pb_column][et_pb_column type=&#8221;1_3&#8243;][et_pb_image admin_label=&#8221;Bild&#8221; _builder_version=&#8221;3.0.51&#8243; src=&#8221;https:\/\/www.krk-mariana.com\/wp-content\/uploads\/2017\/05\/p1010229.jpg&#8221; show_in_lightbox=&#8221;on&#8221; url_new_window=&#8221;off&#8221; use_overlay=&#8221;off&#8221; sticky=&#8221;off&#8221; align=&#8221;left&#8221; always_center_on_mobile=&#8221;on&#8221; border_style=&#8221;solid&#8221; force_fullwidth=&#8221;off&#8221; module_class=&#8221;polaroid&#8221; custom_css_main_element=&#8221;z-index: 1;||-webkit-transform: rotate(6deg);||-moz-transform: rotate(6deg);&#8221; animation=&#8221;off&#8221; \/][\/et_pb_column][\/et_pb_row][et_pb_row admin_label=&#8221;row&#8221; background_position=&#8221;top_left&#8221; background_repeat=&#8221;repeat&#8221; background_size=&#8221;initial&#8221;][et_pb_column type=&#8221;1_3&#8243;][et_pb_text admin_label=&#8221;7. Wanderausstattung&#8221; _builder_version=&#8221;3.0.51&#8243; background_layout=&#8221;light&#8221; text_orientation=&#8221;left&#8221; border_style=&#8221;solid&#8221; use_border_color=&#8221;on&#8221; border_color=&#8221;#666666&#8243; background_color=&#8221;#eeeeee&#8221; custom_padding=&#8221;10px|10px|10px|10px&#8221; custom_css_main_element=&#8221;z-index: 10;&#8221;]<\/p>\n<h3>SAVJETI<\/h3>\n<p>Obu\u0107a: \u010dvrsta i s debljom<br \/>\npodlogom (barem \u010dvrste<br \/>\ntenisice), \u010darape deblje i<br \/>\nvisoke. Odje\u0107a: a) ljeti: lagana<br \/>\ni svijetla; za\u0161tititi glavu i vrat<br \/>\nod sunca; izbjegavati najtopliji<br \/>\ndio dana, b) u prolje\u0107e i jesen:<br \/>\njakna ili deblja majica, c) zimi:<br \/>\nvjetrovka, kabanica. Oprema:<br \/>\nnaprtnja\u010da, plasti\u010dne boce za<br \/>\npi\u0107e, flaster, zavoj, no\u017e. Pi\u0107e:<br \/>\nza svaki sat hoda ponijeti cca 0,25 l napitka; ljeti za svaki sat hoda<br \/>\ndo 0,5 l napitka.<\/p>\n<p>[\/et_pb_text][\/et_pb_column][et_pb_column type=&#8221;1_3&#8243;][et_pb_image admin_label=&#8221;Bild&#8221; _builder_version=&#8221;3.0.51&#8243; src=&#8221;https:\/\/www.krk-mariana.com\/wp-content\/uploads\/2017\/05\/p1010275.jpg&#8221; show_in_lightbox=&#8221;on&#8221; url_new_window=&#8221;off&#8221; use_overlay=&#8221;off&#8221; sticky=&#8221;off&#8221; align=&#8221;left&#8221; always_center_on_mobile=&#8221;on&#8221; border_style=&#8221;solid&#8221; force_fullwidth=&#8221;off&#8221; module_class=&#8221;polaroid&#8221; custom_css_main_element=&#8221;z-index: 1;||-webkit-transform: rotate(-12deg);||-moz-transform: rotate(-12deg);&#8221; animation=&#8221;off&#8221; \/][\/et_pb_column][et_pb_column type=&#8221;1_3&#8243;][et_pb_text admin_label=&#8221;8. Verkehr&#8221; _builder_version=&#8221;3.0.51&#8243; background_layout=&#8221;light&#8221; text_orientation=&#8221;left&#8221; border_style=&#8221;solid&#8221; use_border_color=&#8221;on&#8221; border_color=&#8221;#666666&#8243; background_color=&#8221;#eeeeee&#8221; custom_padding=&#8221;10px|10px|10px|10px&#8221; custom_css_main_element=&#8221;z-index: 10;&#8221; custom_margin=&#8221;5%||-15%|&#8221;]<\/p>\n<h3>PROMETNA VEZA<\/h3>\n<p>Autobusna veza Rijeka \u2013 Ba\u0161ka \u2013 Rijeka, svakodnevno<br \/>\nod 6 do 21 h. Autobusi prometuju prosje\u010dno svaka dva<br \/>\nsata. Autobusna su stajali\u0161ta u Puntu, Dragi Ba\u0161\u0107anskoj, Jurandvoru<br \/>\ni Ba\u0161ki. Za zaustavljanje na prijevoju Treskavac treba zamoliti<br \/>\nvoza\u010da.<\/p>\n<p>[\/et_pb_text][\/et_pb_column][\/et_pb_row][et_pb_row admin_label=&#8221;row&#8221; background_position=&#8221;top_left&#8221; background_repeat=&#8221;repeat&#8221; background_size=&#8221;initial&#8221;][et_pb_column type=&#8221;1_3&#8243;][et_pb_image admin_label=&#8221;Bild&#8221; _builder_version=&#8221;3.0.51&#8243; src=&#8221;https:\/\/www.krk-mariana.com\/wp-content\/uploads\/2017\/05\/p1010284.jpg&#8221; show_in_lightbox=&#8221;on&#8221; url_new_window=&#8221;off&#8221; use_overlay=&#8221;off&#8221; sticky=&#8221;off&#8221; align=&#8221;left&#8221; always_center_on_mobile=&#8221;on&#8221; border_style=&#8221;solid&#8221; force_fullwidth=&#8221;on&#8221; module_class=&#8221;polaroid&#8221; custom_css_main_element=&#8221;z-index: 1;||-webkit-transform: rotate(-7deg);||-moz-transform: rotate(-7deg);&#8221; custom_margin=&#8221;30%|||&#8221; custom_margin_last_edited=&#8221;on|desktop&#8221; animation=&#8221;off&#8221; \/][\/et_pb_column][et_pb_column type=&#8221;1_3&#8243;][et_pb_text admin_label=&#8221;9. Wichtig&#8221; _builder_version=&#8221;3.0.51&#8243; background_layout=&#8221;light&#8221; text_orientation=&#8221;left&#8221; border_style=&#8221;solid&#8221; use_border_color=&#8221;on&#8221; border_color=&#8221;#666666&#8243; background_color=&#8221;#eeeeee&#8221; custom_padding=&#8221;10px|10px|10px|10px&#8221; custom_css_main_element=&#8221;z-index: 20;&#8221; custom_margin=&#8221;||10%|&#8221;]<\/p>\n<h3>UPOZORENJA<\/h3>\n<p>Ne tjerati ovce, ne ru\u0161iti i ne preskakati suhozid<br \/>\n\u2013 prolaziti kroz ugra\u0111ene prolaze. Pa\u017eljivo otvarati i zatvarati sva<br \/>\nvrata na prolazima. Zimi, u kasnu jesen i rano prolje\u0107e pu\u0161e jak<br \/>\nsjeveroisto\u010dni vjetar (bura), \u010diji udari mogu oboriti \u010dovjeka. Za<br \/>\nniske naoblake postoji mogu\u0107nost udara groma. Sr\u010dani bolesnici i<br \/>\nastmati\u010dari trebaju izbjegavati<br \/>\nstrme uspone. U<br \/>\nprolje\u0107e, ljeti i u ranu<br \/>\njesen, naj\u010de\u0161\u0107e izjutra ili<br \/>\nu predve\u010derje, mo\u017ee se<br \/>\nnai\u0107i na zmije otrovnice.<br \/>\nUjed u predio udova nije<br \/>\nsmrtonosan, ali treba \u0161to<br \/>\nprije do\u0107i do lije\u010dnika.<\/p>\n<p>[\/et_pb_text][\/et_pb_column][et_pb_column type=&#8221;1_3&#8243;][et_pb_image admin_label=&#8221;Bild&#8221; _builder_version=&#8221;3.0.51&#8243; src=&#8221;https:\/\/www.krk-mariana.com\/wp-content\/uploads\/2017\/05\/p1010174.jpg&#8221; show_in_lightbox=&#8221;on&#8221; url_new_window=&#8221;off&#8221; use_overlay=&#8221;off&#8221; sticky=&#8221;off&#8221; align=&#8221;left&#8221; always_center_on_mobile=&#8221;on&#8221; border_style=&#8221;solid&#8221; force_fullwidth=&#8221;off&#8221; module_class=&#8221;polaroid&#8221; custom_css_main_element=&#8221;z-index: 11;||-webkit-transform: rotate(-2deg);||-moz-transform: rotate(-2deg);&#8221; custom_margin=&#8221;-10%|||&#8221; animation=&#8221;off&#8221; \/][\/et_pb_column][\/et_pb_row][\/et_pb_section][et_pb_section bb_built=&#8221;1&#8243; admin_label=&#8221;Sektion&#8221; fullwidth=&#8221;on&#8221; specialty=&#8221;off&#8221; _builder_version=&#8221;3.0.51&#8243;][et_pb_fullwidth_code admin_label=&#8221;Zacken&#8221; _builder_version=&#8221;3.0.51&#8243; custom_css_before=&#8221;display:block;||position:absolute;||content:&#8221;;||left: 0;||width: 100%;||height: 50px;||background-size: 100px 100%;||top: 0;||background-image: -webkit-gradient(linear, 0 0, 10% 100%, color-stop(0.5, #000044), color-stop(0.5, #000022));||background-image: linear-gradient(15deg, #000044 50%, #000022 50%);&#8221; \/][\/et_pb_section]<\/p>\n","protected":false},"excerpt":{"rendered":"<p>OZNA\u00bbENA STAZA UPOZORENJA jerati ovce, ne ru\u0161iti i ne preskakati suhozid \u2013 prolaziti kroz ugra\u0111ene prolaze. Pa\u017eljivo otvarati i zatvarati sva vrata na prolazima. Zimi, u kasnu jesen i rano prolje\u0107e pu\u0161e jak sjeveroisto\u010dni vjetar (bura), \u010diji udari mogu oboriti \u010dovjeka. Za niske naoblake postoji mogu\u0107nost udara groma. Sr\u010dani bolesnici i astmati\u010dari trebaju izbjegavati strme [&hellip;]<\/p>\n","protected":false},"author":1,"featured_media":0,"parent":0,"menu_order":60,"comment_status":"closed","ping_status":"closed","template":"","meta":{"_et_pb_use_builder":"on","_et_pb_old_content":"","_et_gb_content_width":"","footnotes":""},"class_list":["post-27935","page","type-page","status-publish","hentry"],"yoast_head":"<!-- This site is optimized with the Yoast SEO plugin v27.4 - https:\/\/yoast.com\/product\/yoast-seo-wordpress\/ -->\n<title>SAVJETI &#8226; Mariana Krk<\/title>\n<meta name=\"robots\" content=\"index, follow, max-snippet:-1, max-image-preview:large, max-video-preview:-1\" \/>\n<link rel=\"canonical\" href=\"https:\/\/www.krk-mariana.com\/hr\/savjeti\/\" \/>\n<meta property=\"og:locale\" content=\"hr_HR\" \/>\n<meta property=\"og:type\" content=\"article\" \/>\n<meta property=\"og:title\" content=\"SAVJETI &#8226; Mariana Krk\" \/>\n<meta property=\"og:description\" content=\"OZNA\u00bbENA STAZA UPOZORENJA jerati ovce, ne ru\u0161iti i ne preskakati suhozid \u2013 prolaziti kroz ugra\u0111ene prolaze. Pa\u017eljivo otvarati i zatvarati sva vrata na prolazima. Zimi, u kasnu jesen i rano prolje\u0107e pu\u0161e jak sjeveroisto\u010dni vjetar (bura), \u010diji udari mogu oboriti \u010dovjeka. Za niske naoblake postoji mogu\u0107nost udara groma. Sr\u010dani bolesnici i astmati\u010dari trebaju izbjegavati strme [&hellip;]\" \/>\n<meta property=\"og:url\" content=\"https:\/\/www.krk-mariana.com\/hr\/savjeti\/\" \/>\n<meta property=\"og:site_name\" content=\"Mariana Krk\" \/>\n<meta property=\"article:publisher\" content=\"https:\/\/www.facebook.com\/marianastarabaska\/\" \/>\n<meta property=\"og:image\" content=\"https:\/\/www.krk-mariana.com\/wp-content\/uploads\/2017\/05\/mariana-back-lowq.jpg\" \/>\n\t<meta property=\"og:image:width\" content=\"1440\" \/>\n\t<meta property=\"og:image:height\" content=\"1080\" \/>\n\t<meta property=\"og:image:type\" content=\"image\/jpeg\" \/>\n<meta name=\"twitter:card\" content=\"summary_large_image\" \/>\n<meta name=\"twitter:label1\" content=\"Est. reading time\" \/>\n\t<meta name=\"twitter:data1\" content=\"10 minutes\" \/>\n<script type=\"application\/ld+json\" class=\"yoast-schema-graph\">{\"@context\":\"https:\\\/\\\/schema.org\",\"@graph\":[{\"@type\":\"WebPage\",\"@id\":\"https:\\\/\\\/www.krk-mariana.com\\\/hr\\\/savjeti\\\/\",\"url\":\"https:\\\/\\\/www.krk-mariana.com\\\/hr\\\/savjeti\\\/\",\"name\":\"SAVJETI &#8226; Mariana Krk\",\"isPartOf\":{\"@id\":\"https:\\\/\\\/www.krk-mariana.com\\\/#website\"},\"datePublished\":\"2017-09-08T13:19:51+00:00\",\"breadcrumb\":{\"@id\":\"https:\\\/\\\/www.krk-mariana.com\\\/hr\\\/savjeti\\\/#breadcrumb\"},\"inLanguage\":\"hr-HR\",\"potentialAction\":[{\"@type\":\"ReadAction\",\"target\":[\"https:\\\/\\\/www.krk-mariana.com\\\/hr\\\/savjeti\\\/\"]}]},{\"@type\":\"BreadcrumbList\",\"@id\":\"https:\\\/\\\/www.krk-mariana.com\\\/hr\\\/savjeti\\\/#breadcrumb\",\"itemListElement\":[{\"@type\":\"ListItem\",\"position\":1,\"name\":\"Startseite\",\"item\":\"https:\\\/\\\/www.krk-mariana.com\\\/\"},{\"@type\":\"ListItem\",\"position\":2,\"name\":\"SAVJETI\"}]},{\"@type\":\"WebSite\",\"@id\":\"https:\\\/\\\/www.krk-mariana.com\\\/#website\",\"url\":\"https:\\\/\\\/www.krk-mariana.com\\\/\",\"name\":\"Mariana Krk\",\"description\":\"Urlaub auf der Insel Krk\",\"potentialAction\":[{\"@type\":\"SearchAction\",\"target\":{\"@type\":\"EntryPoint\",\"urlTemplate\":\"https:\\\/\\\/www.krk-mariana.com\\\/?s={search_term_string}\"},\"query-input\":{\"@type\":\"PropertyValueSpecification\",\"valueRequired\":true,\"valueName\":\"search_term_string\"}}],\"inLanguage\":\"hr-HR\"}]}<\/script>\n<!-- \/ Yoast SEO plugin. -->","yoast_head_json":{"title":"SAVJETI &#8226; Mariana Krk","robots":{"index":"index","follow":"follow","max-snippet":"max-snippet:-1","max-image-preview":"max-image-preview:large","max-video-preview":"max-video-preview:-1"},"canonical":"https:\/\/www.krk-mariana.com\/hr\/savjeti\/","og_locale":"hr_HR","og_type":"article","og_title":"SAVJETI &#8226; Mariana Krk","og_description":"OZNA\u00bbENA STAZA UPOZORENJA jerati ovce, ne ru\u0161iti i ne preskakati suhozid \u2013 prolaziti kroz ugra\u0111ene prolaze. Pa\u017eljivo otvarati i zatvarati sva vrata na prolazima. Zimi, u kasnu jesen i rano prolje\u0107e pu\u0161e jak sjeveroisto\u010dni vjetar (bura), \u010diji udari mogu oboriti \u010dovjeka. Za niske naoblake postoji mogu\u0107nost udara groma. Sr\u010dani bolesnici i astmati\u010dari trebaju izbjegavati strme [&hellip;]","og_url":"https:\/\/www.krk-mariana.com\/hr\/savjeti\/","og_site_name":"Mariana Krk","article_publisher":"https:\/\/www.facebook.com\/marianastarabaska\/","og_image":[{"width":1440,"height":1080,"url":"https:\/\/www.krk-mariana.com\/wp-content\/uploads\/2017\/05\/mariana-back-lowq.jpg","type":"image\/jpeg"}],"twitter_card":"summary_large_image","twitter_misc":{"Est. reading time":"10 minutes"},"schema":{"@context":"https:\/\/schema.org","@graph":[{"@type":"WebPage","@id":"https:\/\/www.krk-mariana.com\/hr\/savjeti\/","url":"https:\/\/www.krk-mariana.com\/hr\/savjeti\/","name":"SAVJETI &#8226; Mariana Krk","isPartOf":{"@id":"https:\/\/www.krk-mariana.com\/#website"},"datePublished":"2017-09-08T13:19:51+00:00","breadcrumb":{"@id":"https:\/\/www.krk-mariana.com\/hr\/savjeti\/#breadcrumb"},"inLanguage":"hr-HR","potentialAction":[{"@type":"ReadAction","target":["https:\/\/www.krk-mariana.com\/hr\/savjeti\/"]}]},{"@type":"BreadcrumbList","@id":"https:\/\/www.krk-mariana.com\/hr\/savjeti\/#breadcrumb","itemListElement":[{"@type":"ListItem","position":1,"name":"Startseite","item":"https:\/\/www.krk-mariana.com\/"},{"@type":"ListItem","position":2,"name":"SAVJETI"}]},{"@type":"WebSite","@id":"https:\/\/www.krk-mariana.com\/#website","url":"https:\/\/www.krk-mariana.com\/","name":"Mariana Krk","description":"Urlaub auf der Insel Krk","potentialAction":[{"@type":"SearchAction","target":{"@type":"EntryPoint","urlTemplate":"https:\/\/www.krk-mariana.com\/?s={search_term_string}"},"query-input":{"@type":"PropertyValueSpecification","valueRequired":true,"valueName":"search_term_string"}}],"inLanguage":"hr-HR"}]}},"_links":{"self":[{"href":"https:\/\/www.krk-mariana.com\/hr\/wp-json\/wp\/v2\/pages\/27935","targetHints":{"allow":["GET"]}}],"collection":[{"href":"https:\/\/www.krk-mariana.com\/hr\/wp-json\/wp\/v2\/pages"}],"about":[{"href":"https:\/\/www.krk-mariana.com\/hr\/wp-json\/wp\/v2\/types\/page"}],"author":[{"embeddable":true,"href":"https:\/\/www.krk-mariana.com\/hr\/wp-json\/wp\/v2\/users\/1"}],"replies":[{"embeddable":true,"href":"https:\/\/www.krk-mariana.com\/hr\/wp-json\/wp\/v2\/comments?post=27935"}],"version-history":[{"count":0,"href":"https:\/\/www.krk-mariana.com\/hr\/wp-json\/wp\/v2\/pages\/27935\/revisions"}],"wp:attachment":[{"href":"https:\/\/www.krk-mariana.com\/hr\/wp-json\/wp\/v2\/media?parent=27935"}],"curies":[{"name":"wp","href":"https:\/\/api.w.org\/{rel}","templated":true}]}}