{"id":25937,"date":"2017-06-30T14:27:03","date_gmt":"2017-06-30T12:27:03","guid":{"rendered":"https:\/\/www.krk-mariana.com\/urlaub-mit-hund\/"},"modified":"2017-09-09T15:26:00","modified_gmt":"2017-09-09T13:26:00","slug":"urlaub-mit-hund","status":"publish","type":"page","link":"https:\/\/www.krk-mariana.com\/en\/urlaub-mit-hund\/","title":{"rendered":"holidays with your dog"},"content":{"rendered":"<p>[et_pb_section bb_built=&#8221;1&#8243; fullwidth=&#8221;on&#8221; specialty=&#8221;off&#8221; _builder_version=&#8221;3.0.53&#8243; transparent_background=&#8221;on&#8221;][et_pb_fullwidth_slider _builder_version=&#8221;3.0.53&#8243; show_arrows=&#8221;on&#8221; show_pagination=&#8221;on&#8221; parallax=&#8221;on&#8221; parallax_method=&#8221;off&#8221; remove_inner_shadow=&#8221;off&#8221; custom_button=&#8221;off&#8221; button_letter_spacing=&#8221;0&#8243; button_icon_placement=&#8221;right&#8221; button_letter_spacing_hover=&#8221;0&#8243; auto=&#8221;off&#8221; auto_ignore_hover=&#8221;off&#8221; hide_content_on_mobile=&#8221;off&#8221; hide_cta_on_mobile=&#8221;off&#8221; show_image_video_mobile=&#8221;off&#8221; disabled_on=&#8221;on|on|&#8221; disabled=&#8221;off&#8221;]<\/p>\n<p>[et_pb_slide heading=&#8221;dog welcome&#8221; use_background_color_gradient=&#8221;off&#8221; background_color_gradient_start=&#8221;#2b87da&#8221; background_color_gradient_end=&#8221;#29c4a9&#8243; background_color_gradient_type=&#8221;linear&#8221; background_color_gradient_direction=&#8221;180deg&#8221; background_color_gradient_direction_radial=&#8221;center&#8221; background_color_gradient_start_position=&#8221;0%&#8221; background_color_gradient_end_position=&#8221;100%&#8221; background_image=&#8221;https:\/\/www.krk-mariana.com\/wp-content\/uploads\/2017\/06\/strandhund.jpg&#8221; parallax=&#8221;off&#8221; parallax_method=&#8221;off&#8221; background_position=&#8221;top_center&#8221; background_size=&#8221;cover&#8221; background_repeat=&#8221;no-repeat&#8221; background_blend=&#8221;normal&#8221; allow_player_pause=&#8221;off&#8221; use_bg_overlay=&#8221;off&#8221; use_text_overlay=&#8221;off&#8221; text_border_radius=&#8221;3&#8243; alignment=&#8221;center&#8221; background_layout=&#8221;dark&#8221; header_font_select=&#8221;default&#8221; header_font=&#8221;||||&#8221; body_font_select=&#8221;default&#8221; body_font=&#8221;||||&#8221; custom_button=&#8221;off&#8221; button_font_select=&#8221;default&#8221; button_font=&#8221;||||&#8221; button_use_icon=&#8221;default&#8221; button_icon_placement=&#8221;right&#8221; button_on_hover=&#8221;on&#8221; background_color=&#8221;#ffffff&#8221; \/]<\/p>\n<p>[\/et_pb_fullwidth_slider][et_pb_fullwidth_image _builder_version=&#8221;3.0.53&#8243; src=&#8221;https:\/\/www.krk-mariana.com\/wp-content\/uploads\/2017\/06\/strandhund.jpg&#8221; show_in_lightbox=&#8221;off&#8221; url_new_window=&#8221;off&#8221; use_overlay=&#8221;off&#8221; border_style=&#8221;solid&#8221; animation=&#8221;left&#8221; disabled=&#8221;off&#8221; disabled_on=&#8221;||on&#8221; \/][\/et_pb_section][et_pb_section bb_built=&#8221;1&#8243; _builder_version=&#8221;3.0.53&#8243; transparent_background=&#8221;on&#8221;][et_pb_row][et_pb_column type=&#8221;4_4&#8243;][et_pb_text admin_label=&#8221;Urlaub im Restaurant Mariana mit dem besten Freund auf vier Pfoten&#8221; _builder_version=&#8221;3.0.53&#8243; background_layout=&#8221;light&#8221; text_orientation=&#8221;left&#8221; border_style=&#8221;solid&#8221;]<\/p>\n<h1>Holidays at Mariana with yout best friend on four paws<\/h1>\n<p>[\/et_pb_text][\/et_pb_column][\/et_pb_row][et_pb_row _builder_version=&#8221;3.0.59&#8243;][et_pb_column type=&#8221;2_3&#8243;][et_pb_text _builder_version=&#8221;3.0.53&#8243; background_layout=&#8221;light&#8221; text_orientation=&#8221;left&#8221; border_style=&#8221;solid&#8221;]<\/p>\n<p>Bei uns ist Ihr Vierbeiner genauso willkommen wie Sie selbst, dies ist wie die meisten Tierhalter wissen ungew\u00f6hnlich, da Haustiere in der Regel nicht erlaubt sind. Wir besitzen selbst Hunde und auch diese freuen sich den Ihren zu begr\u00fcssen.<\/p>\n<p>Das Restaurant Mariana befindet sich am Ende des Dorfes, daher sind wir nicht vom Durchgangsverkehr geplagt.<br \/>\nSie k\u00f6nnen Ihren Hund ohne Leine frei laufen lassen, sofern er keine G\u00e4ste bel\u00e4stigt und sich mit anderen Hunden arrangieren kann.<\/p>\n<p>Die vielen Wildbuchten um Stara Ba\u0161ka herum eignen sich ideal f\u00fcr einen Badetag mit ihrem Liebling, da diese noch sehr naturbelassen sind und kein Hundeverbot herrscht.<\/p>\n<p>Allerdings sollte man f\u00fcr <strong>ausreichend Wasser<\/strong> sorgen und eventuell einen Sonnenschirm mitbringen, da es keinen nat\u00fcrlichen Schatten gibt.<\/p>\n<p>Die unber\u00fchrte Landschaft bietet unz\u00e4hlige Wanderwege, sowie kleinere Trampelpfade, die sich hervorragend f\u00fcr l\u00e4ngere Spazierg\u00e4nge eignen.<\/p>\n<p>[\/et_pb_text][et_pb_image _builder_version=&#8221;3.0.64&#8243; src=&#8221;https:\/\/www.krk-mariana.com\/wp-content\/uploads\/2017\/06\/Blacky2.jpg&#8221; show_in_lightbox=&#8221;off&#8221; url_new_window=&#8221;off&#8221; use_overlay=&#8221;off&#8221; sticky=&#8221;off&#8221; align=&#8221;left&#8221; always_center_on_mobile=&#8221;on&#8221; border_style=&#8221;solid&#8221; force_fullwidth=&#8221;off&#8221; module_class=&#8221;polaroid&#8221; custom_css_main_element=&#8221;z-index: 10;||-webkit-transform: rotate(-5deg);||-moz-transform: rotate(-5deg);&#8221; animation=&#8221;off&#8221; \/][et_pb_text _builder_version=&#8221;3.0.53&#8243; background_layout=&#8221;light&#8221; text_orientation=&#8221;left&#8221; border_style=&#8221;solid&#8221;]<\/p>\n<p>Je nach Hund ist das ben\u00f6tigte Gep\u00e4ck verschieden, aber hier noch ein paar Tipps f\u00fcr den Urlaub mit Hund:<\/p>\n<p><strong>Kleines Notfallset<\/strong> mit Zeckenzange, Verbandmaterial etc. Man geht hier meist direkt am Stra\u00dfenrand oder auf Trampelpfaden wo sich leider immer wieder mal Glasscherben oder Stacheln von verschiedenen Pflanzen befinden. Um f\u00fcr den Fall der F\u00e4lle ger\u00fcstet zu sein sollten vorsichtshalber folgende Medikamente mitgef\u00fchrt werden:<\/p>\n<p>Durchfalltabletten und Tabletten gegen Brechen Mindestens ein Hundehandtuch, auch bei uns regnet es hin und wieder mal wenn auch meist nur kurz und niemand m\u00f6chte doch sein gutes Badehandtuch f\u00fcr den Hund verwenden. Sie m\u00fcssen f\u00fcr Ihren Hund den EU-Heimtierausweis mitf\u00fchren au\u00dferdem muss er gechipt sein.<\/p>\n<p>Eine g\u00fcltige Tollwutimpfung versteht sich von selbst. Bitte informieren sie sich vor dem Reiseantritt bei einer fachkundigen Stelle. In der Regel interessiert sich an der Grenze niemand f\u00fcr Ihren Hund, aber nat\u00fcrlich m\u00f6chten Sie sicher nicht das Ihnen die Einreise wegen einer Kleinigkeit verwehrt wird.<\/p>\n<p>Sollte es doch zu einem Notfall kommen, ist die Tier\u00e4rztliche Ambulanz in Krk die erste Anlaufstelle. Dort k\u00f6nnen Sie sich auch auf Englisch verst\u00e4ndigen.<\/p>\n<p>[\/et_pb_text][\/et_pb_column][et_pb_column type=&#8221;1_3&#8243;][et_pb_image _builder_version=&#8221;3.0.64&#8243; src=&#8221;https:\/\/www.krk-mariana.com\/wp-content\/uploads\/2017\/06\/IMG_6435.jpg&#8221; show_in_lightbox=&#8221;off&#8221; url_new_window=&#8221;off&#8221; use_overlay=&#8221;off&#8221; sticky=&#8221;off&#8221; align=&#8221;left&#8221; always_center_on_mobile=&#8221;on&#8221; border_style=&#8221;solid&#8221; force_fullwidth=&#8221;off&#8221; module_class=&#8221;polaroid&#8221; custom_css_main_element=&#8221;z-index: 10;||-webkit-transform: rotate(5deg);||-moz-transform: rotate(5deg);&#8221; animation=&#8221;off&#8221; \/][et_pb_divider _builder_version=&#8221;3.0.59&#8243; divider_style=&#8221;solid&#8221; divider_position=&#8221;top&#8221; hide_on_mobile=&#8221;on&#8221; \/][et_pb_text _builder_version=&#8221;3.0.59&#8243; background_layout=&#8221;light&#8221; text_orientation=&#8221;left&#8221; border_style=&#8221;solid&#8221; module_id=&#8221;checkliste&#8221; background_color=&#8221;#ffffff&#8221; use_border_color=&#8221;on&#8221; border_color=&#8221;#0c71c3&#8243; custom_padding=&#8221;10px|10px|10px|10px&#8221;]<\/p>\n<h3>Important<\/h3>\n<p><i class=\"fa fa-check\" aria-hidden=\"true\"><\/i> immer Wasser dabei haben<br \/>\n<i class=\"fa fa-check\" aria-hidden=\"true\"><\/i> kleines Notfallset<br \/>\n<i class=\"fa fa-check\" aria-hidden=\"true\"><\/i> Zeckenzange<br \/>\n<i class=\"fa fa-check\" aria-hidden=\"true\"><\/i> Verbandsmaterial<br \/>\n<i class=\"fa fa-check\" aria-hidden=\"true\"><\/i> Durchfalltabletten<br \/>\n<i class=\"fa fa-check\" aria-hidden=\"true\"><\/i> Tabletten gegen Brechen<br \/>\n<i class=\"fa fa-check\" aria-hidden=\"true\"><\/i> Hundehandtuch<br \/>\n<i class=\"fa fa-check\" aria-hidden=\"true\"><\/i> EU-Heimtierausweis<br \/>\n<i class=\"fa fa-check\" aria-hidden=\"true\"><\/i> g\u00fcltige Tollwutimpfung<\/p>\n<p><i class=\"fa fa-check\" aria-hidden=\"true\"><\/i> Hunde <strong>muss<\/strong> gechipt sein<\/p>\n<p>[\/et_pb_text][et_pb_text admin_label=&#8221;TIER\u00c4RZTLICHE AMBULANZ&#8221; _builder_version=&#8221;3.0.53&#8243; background_layout=&#8221;dark&#8221; text_orientation=&#8221;left&#8221; border_style=&#8221;solid&#8221; background_color=&#8221;#e02b20&#8243; use_border_color=&#8221;on&#8221; border_color=&#8221;#e02b20&#8243; custom_padding=&#8221;10px|10px|10px|10px&#8221;]<\/p>\n<h3>PET AMBULANZ<\/h3>\n<p>Zagreba\u010dka 53<br \/>\n51500 Krk<\/p>\n<p><i class=\"fa fa-phone fa-lg\"><\/i> 051 604 484<br \/>\n<i class=\"fa fa-fax\"><\/i> 051 604 490<br \/>\n<i class=\"fa fa-mobile fa-2x\"><\/i> 091 214 99 22<br \/>\n<i class=\"fa fa-envelope\"><\/i> ambulantakrk@vetsri.hr<\/p>\n<p>[\/et_pb_text][\/et_pb_column][\/et_pb_row][\/et_pb_section][et_pb_section bb_built=&#8221;1&#8243; fullwidth=&#8221;on&#8221; specialty=&#8221;off&#8221;][et_pb_fullwidth_slider _builder_version=&#8221;3.0.53&#8243; show_arrows=&#8221;on&#8221; show_pagination=&#8221;on&#8221; parallax=&#8221;off&#8221; parallax_method=&#8221;off&#8221; remove_inner_shadow=&#8221;off&#8221; custom_button=&#8221;off&#8221; button_letter_spacing=&#8221;0&#8243; button_icon_placement=&#8221;right&#8221; button_letter_spacing_hover=&#8221;0&#8243; auto=&#8221;off&#8221; auto_ignore_hover=&#8221;off&#8221; hide_content_on_mobile=&#8221;off&#8221; hide_cta_on_mobile=&#8221;off&#8221; show_image_video_mobile=&#8221;off&#8221;]<\/p>\n<p>[et_pb_slide background_color=&#8221;#ffffff&#8221; use_background_color_gradient=&#8221;off&#8221; background_color_gradient_start=&#8221;#2b87da&#8221; background_color_gradient_end=&#8221;#29c4a9&#8243; background_color_gradient_type=&#8221;linear&#8221; background_color_gradient_direction=&#8221;180deg&#8221; background_color_gradient_direction_radial=&#8221;center&#8221; background_color_gradient_start_position=&#8221;0%&#8221; background_color_gradient_end_position=&#8221;100%&#8221; background_image=&#8221;https:\/\/www.krk-mariana.com\/wp-content\/uploads\/2017\/06\/Im-Wasser.jpg&#8221; parallax=&#8221;on&#8221; parallax_method=&#8221;off&#8221; background_position=&#8221;center&#8221; background_size=&#8221;cover&#8221; background_repeat=&#8221;no-repeat&#8221; background_blend=&#8221;normal&#8221; allow_player_pause=&#8221;off&#8221; use_bg_overlay=&#8221;off&#8221; use_text_overlay=&#8221;off&#8221; text_border_radius=&#8221;3&#8243; alignment=&#8221;center&#8221; background_layout=&#8221;dark&#8221; header_font_select=&#8221;default&#8221; header_font=&#8221;||||&#8221; body_font_select=&#8221;default&#8221; body_font=&#8221;||||&#8221; custom_button=&#8221;off&#8221; button_font_select=&#8221;default&#8221; button_font=&#8221;||||&#8221; button_use_icon=&#8221;default&#8221; button_icon_placement=&#8221;right&#8221; button_on_hover=&#8221;on&#8221; \/]<\/p>\n<p>[\/et_pb_fullwidth_slider][\/et_pb_section]<\/p>\n","protected":false},"excerpt":{"rendered":"<p><div class=\"et_pb_row et_pb_row_0 et_pb_row_empty\">\n\t\t\t\t\n\t\t\t\t\n\t\t\t\t\n\t\t\t\t\n\t\t\t\t\n\t\t\t<\/div> Holidays at Mariana with yout best friend on four paws Bei uns ist Ihr Vierbeiner genauso willkommen wie Sie selbst, dies ist wie die meisten Tierhalter wissen ungew\u00f6hnlich, da Haustiere in der Regel nicht erlaubt sind. Wir besitzen selbst Hunde und auch diese freuen sich den Ihren zu begr\u00fcssen. Das Restaurant Mariana befindet sich [&hellip;]<\/p>\n","protected":false},"author":3,"featured_media":0,"parent":0,"menu_order":30,"comment_status":"closed","ping_status":"closed","template":"","meta":{"_et_pb_use_builder":"on","_et_pb_old_content":"Urlaub im Restaurant Mariana mit dem besten Freund auf vier Pfoten\r\nBei uns ist Ihr Vierbeiner genauso willkommen wie Sie selbst, dies ist wie die meisten Tierhalter wissen ungew\u00f6hnlich, da Haustiere in der Regel nicht erlaubt sind. Wir besitzen selbst Hunde und auch diese freuen sich den Ihren zu begr\u00fcssen.\r\nDas Restaurant Mariana befindet sich am Ende des Dorfes, daher sind wir nicht vom Durchgangsverkehr geplagt.\r\nSie k\u00f6nnen Ihren Hund ohne Leine frei laufen lassen, sofern er keine G\u00e4ste bel\u00e4stigt und sich mit anderen Hunden arrangieren kann.\r\nDie vielen Wildbuchten um Stara Ba\u0161ka herum eignen sich ideal f\u00fcr einen Badetag mit ihrem Liebling, da diese noch sehr naturbelassen sind und kein Hundeverbot herrscht.\r\nAllerdings sollte man f\u00fcr ausreichend Wasser sorgen und eventuell einen Sonnenschirm mitbringen, da es keinen nat\u00fcrlichen Schatten gibt.\r\nDie unber\u00fchrte Landschaft bietet unz\u00e4hlige Wanderwege, sowie kleinere Trampelpfade, die sich hervorragend f\u00fcr l\u00e4ngere Spazierg\u00e4nge eignen.\r\nJe nach Hund ist das ben\u00f6tigte Gep\u00e4ck verschieden, aber hier noch ein paar Tipps f\u00fcr den Urlaub mit Hund: Kleines Notfallset mit Zeckenzange, Verbandmaterial etc. Man geht hier meist direkt am Stra\u00dfenrand oder auf Trampelpfaden wo sich leider immer wieder mal Glasscherben oder Stacheln von verschiedenen Pflanzen befinden. Um f\u00fcr den Fall der F\u00e4lle ger\u00fcstet zu sein sollten vorsichtshalber folgende Medikamente mitgef\u00fchrt werden: Durchfalltabletten und Tabletten gegen Brechen Mindestens ein Hundehandtuch, auch bei uns regnet es hin und wieder mal wenn auch meist nur kurz und niemand m\u00f6chte doch sein gutes Badehandtuch f\u00fcr den Hund verwenden Sie m\u00fcssen f\u00fcr Ihren Hund den EU-Heimtierausweis mitf\u00fchren au\u00dferdem muss er gechipt sein. Eine g\u00fcltige Tollwutimpfung versteht sich von selbst. Bitte informieren sie sich vor dem Reiseantritt bei einer fachkundigen Stelle. In der Regel interessiert sich an der Grenze niemand f\u00fcr Ihren Hund aber nat\u00fcrlich m\u00f6chten Sie sicher nicht das Ihnen die Einreise wegen einer Kleinigkeit verwehrt wird. Sollte es doch zu einem Notfall kommen, ist die Tier\u00e4rztliche Ambulanz in Krk die erste Anlaufstelle. Dort k\u00f6nnen Sie sich auch auf Englisch verst\u00e4ndigen.\r\nTIER\u00c4RZTLICHE AMBULANZ Zagreba\u010dka 53, 51500 Krk Tel: 051 604 484, Fax: 051 604 490 Handy: 091 214 99 22, ambulantakrk@vetsri.hr","_et_gb_content_width":"","footnotes":""},"class_list":["post-25937","page","type-page","status-publish","hentry"],"yoast_head":"<!-- This site is optimized with the Yoast SEO plugin v27.4 - https:\/\/yoast.com\/product\/yoast-seo-wordpress\/ -->\n<title>holidays with your dog &#8226; Mariana Krk<\/title>\n<meta name=\"robots\" content=\"index, follow, max-snippet:-1, max-image-preview:large, max-video-preview:-1\" \/>\n<link rel=\"canonical\" href=\"https:\/\/www.krk-mariana.com\/en\/urlaub-mit-hund\/\" \/>\n<meta property=\"og:locale\" content=\"en_US\" \/>\n<meta property=\"og:type\" content=\"article\" \/>\n<meta property=\"og:title\" content=\"holidays with your dog &#8226; Mariana Krk\" \/>\n<meta property=\"og:description\" content=\"Holidays at Mariana with yout best friend on four paws Bei uns ist Ihr Vierbeiner genauso willkommen wie Sie selbst, dies ist wie die meisten Tierhalter wissen ungew\u00f6hnlich, da Haustiere in der Regel nicht erlaubt sind. Wir besitzen selbst Hunde und auch diese freuen sich den Ihren zu begr\u00fcssen. Das Restaurant Mariana befindet sich [&hellip;]\" \/>\n<meta property=\"og:url\" content=\"https:\/\/www.krk-mariana.com\/en\/urlaub-mit-hund\/\" \/>\n<meta property=\"og:site_name\" content=\"Mariana Krk\" \/>\n<meta property=\"article:publisher\" content=\"https:\/\/www.facebook.com\/marianastarabaska\/\" \/>\n<meta property=\"article:modified_time\" content=\"2017-09-09T13:26:00+00:00\" \/>\n<meta property=\"og:image\" content=\"https:\/\/www.krk-mariana.com\/wp-content\/uploads\/2017\/05\/mariana-back-lowq.jpg\" \/>\n\t<meta property=\"og:image:width\" content=\"1440\" \/>\n\t<meta property=\"og:image:height\" content=\"1080\" \/>\n\t<meta property=\"og:image:type\" content=\"image\/jpeg\" \/>\n<meta name=\"twitter:card\" content=\"summary_large_image\" \/>\n<meta name=\"twitter:label1\" content=\"Est. reading time\" \/>\n\t<meta name=\"twitter:data1\" content=\"6 minutes\" \/>\n<script type=\"application\/ld+json\" class=\"yoast-schema-graph\">{\"@context\":\"https:\\\/\\\/schema.org\",\"@graph\":[{\"@type\":\"WebPage\",\"@id\":\"https:\\\/\\\/www.krk-mariana.com\\\/en\\\/urlaub-mit-hund\\\/\",\"url\":\"https:\\\/\\\/www.krk-mariana.com\\\/en\\\/urlaub-mit-hund\\\/\",\"name\":\"holidays with your dog &#8226; Mariana Krk\",\"isPartOf\":{\"@id\":\"https:\\\/\\\/www.krk-mariana.com\\\/#website\"},\"datePublished\":\"2017-06-30T12:27:03+00:00\",\"dateModified\":\"2017-09-09T13:26:00+00:00\",\"breadcrumb\":{\"@id\":\"https:\\\/\\\/www.krk-mariana.com\\\/en\\\/urlaub-mit-hund\\\/#breadcrumb\"},\"inLanguage\":\"en-US\",\"potentialAction\":[{\"@type\":\"ReadAction\",\"target\":[\"https:\\\/\\\/www.krk-mariana.com\\\/en\\\/urlaub-mit-hund\\\/\"]}]},{\"@type\":\"BreadcrumbList\",\"@id\":\"https:\\\/\\\/www.krk-mariana.com\\\/en\\\/urlaub-mit-hund\\\/#breadcrumb\",\"itemListElement\":[{\"@type\":\"ListItem\",\"position\":1,\"name\":\"Startseite\",\"item\":\"https:\\\/\\\/www.krk-mariana.com\\\/en\\\/\"},{\"@type\":\"ListItem\",\"position\":2,\"name\":\"holidays with your dog\"}]},{\"@type\":\"WebSite\",\"@id\":\"https:\\\/\\\/www.krk-mariana.com\\\/#website\",\"url\":\"https:\\\/\\\/www.krk-mariana.com\\\/\",\"name\":\"Mariana Krk\",\"description\":\"Urlaub auf der Insel Krk\",\"potentialAction\":[{\"@type\":\"SearchAction\",\"target\":{\"@type\":\"EntryPoint\",\"urlTemplate\":\"https:\\\/\\\/www.krk-mariana.com\\\/?s={search_term_string}\"},\"query-input\":{\"@type\":\"PropertyValueSpecification\",\"valueRequired\":true,\"valueName\":\"search_term_string\"}}],\"inLanguage\":\"en-US\"}]}<\/script>\n<!-- \/ Yoast SEO plugin. -->","yoast_head_json":{"title":"holidays with your dog &#8226; Mariana Krk","robots":{"index":"index","follow":"follow","max-snippet":"max-snippet:-1","max-image-preview":"max-image-preview:large","max-video-preview":"max-video-preview:-1"},"canonical":"https:\/\/www.krk-mariana.com\/en\/urlaub-mit-hund\/","og_locale":"en_US","og_type":"article","og_title":"holidays with your dog &#8226; Mariana Krk","og_description":"Holidays at Mariana with yout best friend on four paws Bei uns ist Ihr Vierbeiner genauso willkommen wie Sie selbst, dies ist wie die meisten Tierhalter wissen ungew\u00f6hnlich, da Haustiere in der Regel nicht erlaubt sind. Wir besitzen selbst Hunde und auch diese freuen sich den Ihren zu begr\u00fcssen. Das Restaurant Mariana befindet sich [&hellip;]","og_url":"https:\/\/www.krk-mariana.com\/en\/urlaub-mit-hund\/","og_site_name":"Mariana Krk","article_publisher":"https:\/\/www.facebook.com\/marianastarabaska\/","article_modified_time":"2017-09-09T13:26:00+00:00","og_image":[{"width":1440,"height":1080,"url":"https:\/\/www.krk-mariana.com\/wp-content\/uploads\/2017\/05\/mariana-back-lowq.jpg","type":"image\/jpeg"}],"twitter_card":"summary_large_image","twitter_misc":{"Est. reading time":"6 minutes"},"schema":{"@context":"https:\/\/schema.org","@graph":[{"@type":"WebPage","@id":"https:\/\/www.krk-mariana.com\/en\/urlaub-mit-hund\/","url":"https:\/\/www.krk-mariana.com\/en\/urlaub-mit-hund\/","name":"holidays with your dog &#8226; Mariana Krk","isPartOf":{"@id":"https:\/\/www.krk-mariana.com\/#website"},"datePublished":"2017-06-30T12:27:03+00:00","dateModified":"2017-09-09T13:26:00+00:00","breadcrumb":{"@id":"https:\/\/www.krk-mariana.com\/en\/urlaub-mit-hund\/#breadcrumb"},"inLanguage":"en-US","potentialAction":[{"@type":"ReadAction","target":["https:\/\/www.krk-mariana.com\/en\/urlaub-mit-hund\/"]}]},{"@type":"BreadcrumbList","@id":"https:\/\/www.krk-mariana.com\/en\/urlaub-mit-hund\/#breadcrumb","itemListElement":[{"@type":"ListItem","position":1,"name":"Startseite","item":"https:\/\/www.krk-mariana.com\/en\/"},{"@type":"ListItem","position":2,"name":"holidays with your dog"}]},{"@type":"WebSite","@id":"https:\/\/www.krk-mariana.com\/#website","url":"https:\/\/www.krk-mariana.com\/","name":"Mariana Krk","description":"Urlaub auf der Insel Krk","potentialAction":[{"@type":"SearchAction","target":{"@type":"EntryPoint","urlTemplate":"https:\/\/www.krk-mariana.com\/?s={search_term_string}"},"query-input":{"@type":"PropertyValueSpecification","valueRequired":true,"valueName":"search_term_string"}}],"inLanguage":"en-US"}]}},"_links":{"self":[{"href":"https:\/\/www.krk-mariana.com\/en\/wp-json\/wp\/v2\/pages\/25937","targetHints":{"allow":["GET"]}}],"collection":[{"href":"https:\/\/www.krk-mariana.com\/en\/wp-json\/wp\/v2\/pages"}],"about":[{"href":"https:\/\/www.krk-mariana.com\/en\/wp-json\/wp\/v2\/types\/page"}],"author":[{"embeddable":true,"href":"https:\/\/www.krk-mariana.com\/en\/wp-json\/wp\/v2\/users\/3"}],"replies":[{"embeddable":true,"href":"https:\/\/www.krk-mariana.com\/en\/wp-json\/wp\/v2\/comments?post=25937"}],"version-history":[{"count":0,"href":"https:\/\/www.krk-mariana.com\/en\/wp-json\/wp\/v2\/pages\/25937\/revisions"}],"wp:attachment":[{"href":"https:\/\/www.krk-mariana.com\/en\/wp-json\/wp\/v2\/media?parent=25937"}],"curies":[{"name":"wp","href":"https:\/\/api.w.org\/{rel}","templated":true}]}}