{"id":25758,"date":"2017-06-16T19:05:42","date_gmt":"2017-06-16T17:05:42","guid":{"rendered":"https:\/\/www.krk-mariana.com\/impress\/"},"modified":"2017-09-09T15:27:34","modified_gmt":"2017-09-09T13:27:34","slug":"impress","status":"publish","type":"page","link":"https:\/\/www.krk-mariana.com\/en\/impress\/","title":{"rendered":"Impress"},"content":{"rendered":"<p>[et_pb_section bb_built=&#8221;1&#8243; admin_label=&#8221;section&#8221;][et_pb_row admin_label=&#8221;row&#8221; background_position=&#8221;top_left&#8221; background_repeat=&#8221;repeat&#8221; background_size=&#8221;initial&#8221;][et_pb_column type=&#8221;4_4&#8243;][et_pb_text background_layout=&#8221;light&#8221; text_orientation=&#8221;left&#8221; border_style=&#8221;solid&#8221; background_position=&#8221;top_left&#8221; background_repeat=&#8221;repeat&#8221; background_size=&#8221;initial&#8221; _builder_version=&#8221;3.0.53&#8243;]<\/p>\n<h1>Impress<\/h1>\n<h2>Mali Mate d.o.o.<\/h2>\n<p>Miko Sindi\u010di\u0107<br \/>\nStara Ba\u0161ka 254<br \/>\n51521 Punat-Otok Krk<br \/>\nCroatia<\/p>\n<p>HR37714427899<\/p>\n<p><i class=\"fa fa-mobile fa-2x\"><\/i> +385 91 571 1261<br \/>\n<i class=\"fa fa-envelope\"><\/i> sindicicmiko@gmail.com<br \/>\nwww.krk-mariana.com<\/p>\n<p>[\/et_pb_text][et_pb_text _builder_version=&#8221;3.0.49&#8243; background_layout=&#8221;light&#8221; text_orientation=&#8221;left&#8221; border_style=&#8221;solid&#8221;]<\/p>\n<p>Sources:<\/p>\n<p><a href=\"http:\/\/www.turm-krk.de\/de\/aktivitaeten\/wandern\/punat-stara-baska\/rundweg-von-stara-baska-ueber-bucht-petehova\">http:\/\/www.turm-krk.de\/de\/aktivitaeten\/wandern\/punat-stara-baska\/rundweg-von-stara-baska-ueber-bucht-petehova<\/a><\/p>\n<p><a href=\"http:\/\/www.turm-krk.de\/de\/aktivitaeten\/wandern\/rundweg_um_punat\">http:\/\/www.turm-krk.de\/de\/aktivitaeten\/wandern\/rundweg_um_punat<\/a><\/p>\n<p><a href=\"http:\/\/www.turm-krk.de\/de\/aktivitaeten\/wandern\/punat_-_baska\">http:\/\/www.turm-krk.de\/de\/aktivitaeten\/wandern\/punat_-_baska<\/a><\/p>\n<p><a href=\"http:\/\/www.turm-krk.de\/de\/aktivitaeten\/wandern\/obzova\">http:\/\/www.turm-krk.de\/de\/aktivitaeten\/wandern\/obzova<\/a><\/p>\n<p><a href=\"http:\/\/www.turm-krk.de\/de\/aktivitaeten\/wandern\/punat-stara-baska\/gipfelsammlung-auf-die-3-hochsten-gipfel\">http:\/\/www.turm-krk.de\/de\/aktivitaeten\/wandern\/punat-stara-baska\/gipfelsammlung-auf-die-3-hochsten-gipfel<\/a><\/p>\n<p><a href=\"http:\/\/www.turm-krk.de\/de\/aktivitaeten\/wandern\/punat-stara-baska\/in-die-berge-von-stara-baska\">http:\/\/www.turm-krk.de\/de\/aktivitaeten\/wandern\/punat-stara-baska\/in-die-berge-von-stara-baska<\/a><\/p>\n<p>[\/et_pb_text][et_pb_login _builder_version=&#8221;3.0.51&#8243; title=&#8221;Login&#8221; current_page_redirect=&#8221;off&#8221; use_background_color=&#8221;on&#8221; use_focus_border_color=&#8221;off&#8221; focus_border_color=&#8221;#ffffff&#8221; background_layout=&#8221;dark&#8221; text_orientation=&#8221;left&#8221; border_style=&#8221;solid&#8221; custom_button=&#8221;off&#8221; button_letter_spacing=&#8221;0&#8243; button_icon_placement=&#8221;right&#8221; button_letter_spacing_hover=&#8221;0&#8243; \/][\/et_pb_column][\/et_pb_row][\/et_pb_section]<\/p>\n","protected":false},"excerpt":{"rendered":"<p>Impress Mali Mate d.o.o. Miko Sindi\u010di\u0107 Stara Ba\u0161ka 254 51521 Punat-Otok Krk Croatia HR37714427899 +385 91 571 1261 sindicicmiko@gmail.com www.krk-mariana.com Sources: http:\/\/www.turm-krk.de\/de\/aktivitaeten\/wandern\/punat-stara-baska\/rundweg-von-stara-baska-ueber-bucht-petehova http:\/\/www.turm-krk.de\/de\/aktivitaeten\/wandern\/rundweg_um_punat http:\/\/www.turm-krk.de\/de\/aktivitaeten\/wandern\/punat_-_baska http:\/\/www.turm-krk.de\/de\/aktivitaeten\/wandern\/obzova http:\/\/www.turm-krk.de\/de\/aktivitaeten\/wandern\/punat-stara-baska\/gipfelsammlung-auf-die-3-hochsten-gipfel http:\/\/www.turm-krk.de\/de\/aktivitaeten\/wandern\/punat-stara-baska\/in-die-berge-von-stara-baska<\/p>\n","protected":false},"author":3,"featured_media":0,"parent":0,"menu_order":1000,"comment_status":"closed","ping_status":"closed","template":"","meta":{"_et_pb_use_builder":"on","_et_pb_old_content":"<p>Im<span class=\"_3oh- _58nk\">pressum<br \/><\/span><\/p><div class=\"_li\"><div id=\"globalContainer\" class=\"uiContextualLayerParent\"><div id=\"content\" class=\"fb_content clearfix \"><div id=\"u_0_k\" class=\"_2sdm\"><div class=\"_li\"><div class=\"_4sp8\"><div class=\"_1q5-\"><div class=\"_20bp\"><div class=\"_4_j4\"><div class=\"_4u-c _1wfr _9hq\"><div class=\"_5f0v uiScrollableArea fade contentBefore\" tabindex=\"0\"><div id=\"js_d\" class=\"uiScrollableAreaWrap scrollable\"><div class=\"uiScrollableAreaBody\"><div class=\"uiScrollableAreaContent\"><div class=\"__i_\"><div id=\"js_2\"><div><div class=\"_1t_p clearfix\"><div class=\"_41ud\"><div class=\"clearfix _o46 _3erg _29_7 direction_ltr text_align_ltr\"><div id=\"js_j2\" class=\"_3058 _ui9 _hh7 _s1- _52mr _3oh-\" data-tooltip-position=\"left\" data-hover=\"tooltip\" data-tooltip-content=\"11:12\"><div class=\"_aok\"><span class=\"_3oh- _58nk\"><br \/>Mali Mate d.o.o.<br \/>Miko Sindi\u00c4\u008di\u00c4\u2021 <br \/>Stara Ba\u00c5\u00a1ka 254 \u00e2\u20ac\u00a2 51521 Punat-otok Krk <br \/>Croatia<br \/><br \/>Mob.: +385 91 571 1261<br \/><br \/><a href=\"https:\/\/l.facebook.com\/l.php?u=http%3A%2F%2Fwww.krk-mariana.com%2F&h=ATO871c8MpqYX5Kn2LHT2iOODO7L6mi87fw1N19WkwPYPiVYeI-a_1Bd-EuJiN1nwdytlAPGoJZRBEW8es8guNcNqbNc47tyETSszJXEC-NbNqW01oqeqkSuSET8hVjabikDYxPY4shajFKBRYrR7FWFM3Zf\" target=\"_blank\" rel=\"nofollow noopener noreferrer\">www.krk-mariana.com<\/a> <br \/>e-mail:sindicicmiko@gmail.com<\/span><\/div><\/div><\/div><\/div><\/div><\/div><\/div><\/div><\/div><\/div><\/div><\/div><\/div><\/div><\/div><\/div><\/div><\/div><\/div><\/div><\/div><\/div>","_et_gb_content_width":"","footnotes":""},"class_list":["post-25758","page","type-page","status-publish","hentry"],"yoast_head":"<!-- This site is optimized with the Yoast SEO plugin v27.4 - https:\/\/yoast.com\/product\/yoast-seo-wordpress\/ -->\n<title>Impress &#8226; Mariana Krk<\/title>\n<meta name=\"robots\" content=\"index, follow, max-snippet:-1, max-image-preview:large, max-video-preview:-1\" \/>\n<link rel=\"canonical\" href=\"https:\/\/www.krk-mariana.com\/en\/impress\/\" \/>\n<meta property=\"og:locale\" content=\"en_US\" \/>\n<meta property=\"og:type\" content=\"article\" \/>\n<meta property=\"og:title\" content=\"Impress &#8226; Mariana Krk\" \/>\n<meta property=\"og:description\" content=\"Impress Mali Mate d.o.o. Miko Sindi\u010di\u0107 Stara Ba\u0161ka 254 51521 Punat-Otok Krk Croatia HR37714427899 +385 91 571 1261 sindicicmiko@gmail.com www.krk-mariana.com Sources: http:\/\/www.turm-krk.de\/de\/aktivitaeten\/wandern\/punat-stara-baska\/rundweg-von-stara-baska-ueber-bucht-petehova http:\/\/www.turm-krk.de\/de\/aktivitaeten\/wandern\/rundweg_um_punat http:\/\/www.turm-krk.de\/de\/aktivitaeten\/wandern\/punat_-_baska http:\/\/www.turm-krk.de\/de\/aktivitaeten\/wandern\/obzova http:\/\/www.turm-krk.de\/de\/aktivitaeten\/wandern\/punat-stara-baska\/gipfelsammlung-auf-die-3-hochsten-gipfel http:\/\/www.turm-krk.de\/de\/aktivitaeten\/wandern\/punat-stara-baska\/in-die-berge-von-stara-baska\" \/>\n<meta property=\"og:url\" content=\"https:\/\/www.krk-mariana.com\/en\/impress\/\" \/>\n<meta property=\"og:site_name\" content=\"Mariana Krk\" \/>\n<meta property=\"article:publisher\" content=\"https:\/\/www.facebook.com\/marianastarabaska\/\" \/>\n<meta property=\"article:modified_time\" content=\"2017-09-09T13:27:34+00:00\" \/>\n<meta property=\"og:image\" content=\"https:\/\/www.krk-mariana.com\/wp-content\/uploads\/2017\/05\/mariana-back-lowq.jpg\" \/>\n\t<meta property=\"og:image:width\" content=\"1440\" \/>\n\t<meta property=\"og:image:height\" content=\"1080\" \/>\n\t<meta property=\"og:image:type\" content=\"image\/jpeg\" \/>\n<meta name=\"twitter:card\" content=\"summary_large_image\" \/>\n<meta name=\"twitter:label1\" content=\"Est. reading time\" \/>\n\t<meta name=\"twitter:data1\" content=\"1 minute\" \/>\n<script type=\"application\/ld+json\" class=\"yoast-schema-graph\">{\"@context\":\"https:\\\/\\\/schema.org\",\"@graph\":[{\"@type\":\"WebPage\",\"@id\":\"https:\\\/\\\/www.krk-mariana.com\\\/en\\\/impress\\\/\",\"url\":\"https:\\\/\\\/www.krk-mariana.com\\\/en\\\/impress\\\/\",\"name\":\"Impress &#8226; Mariana Krk\",\"isPartOf\":{\"@id\":\"https:\\\/\\\/www.krk-mariana.com\\\/#website\"},\"datePublished\":\"2017-06-16T17:05:42+00:00\",\"dateModified\":\"2017-09-09T13:27:34+00:00\",\"breadcrumb\":{\"@id\":\"https:\\\/\\\/www.krk-mariana.com\\\/en\\\/impress\\\/#breadcrumb\"},\"inLanguage\":\"en-US\",\"potentialAction\":[{\"@type\":\"ReadAction\",\"target\":[\"https:\\\/\\\/www.krk-mariana.com\\\/en\\\/impress\\\/\"]}]},{\"@type\":\"BreadcrumbList\",\"@id\":\"https:\\\/\\\/www.krk-mariana.com\\\/en\\\/impress\\\/#breadcrumb\",\"itemListElement\":[{\"@type\":\"ListItem\",\"position\":1,\"name\":\"Startseite\",\"item\":\"https:\\\/\\\/www.krk-mariana.com\\\/en\\\/\"},{\"@type\":\"ListItem\",\"position\":2,\"name\":\"Impress\"}]},{\"@type\":\"WebSite\",\"@id\":\"https:\\\/\\\/www.krk-mariana.com\\\/#website\",\"url\":\"https:\\\/\\\/www.krk-mariana.com\\\/\",\"name\":\"Mariana Krk\",\"description\":\"Urlaub auf der Insel Krk\",\"potentialAction\":[{\"@type\":\"SearchAction\",\"target\":{\"@type\":\"EntryPoint\",\"urlTemplate\":\"https:\\\/\\\/www.krk-mariana.com\\\/?s={search_term_string}\"},\"query-input\":{\"@type\":\"PropertyValueSpecification\",\"valueRequired\":true,\"valueName\":\"search_term_string\"}}],\"inLanguage\":\"en-US\"}]}<\/script>\n<!-- \/ Yoast SEO plugin. -->","yoast_head_json":{"title":"Impress &#8226; Mariana Krk","robots":{"index":"index","follow":"follow","max-snippet":"max-snippet:-1","max-image-preview":"max-image-preview:large","max-video-preview":"max-video-preview:-1"},"canonical":"https:\/\/www.krk-mariana.com\/en\/impress\/","og_locale":"en_US","og_type":"article","og_title":"Impress &#8226; Mariana Krk","og_description":"Impress Mali Mate d.o.o. Miko Sindi\u010di\u0107 Stara Ba\u0161ka 254 51521 Punat-Otok Krk Croatia HR37714427899 +385 91 571 1261 sindicicmiko@gmail.com www.krk-mariana.com Sources: http:\/\/www.turm-krk.de\/de\/aktivitaeten\/wandern\/punat-stara-baska\/rundweg-von-stara-baska-ueber-bucht-petehova http:\/\/www.turm-krk.de\/de\/aktivitaeten\/wandern\/rundweg_um_punat http:\/\/www.turm-krk.de\/de\/aktivitaeten\/wandern\/punat_-_baska http:\/\/www.turm-krk.de\/de\/aktivitaeten\/wandern\/obzova http:\/\/www.turm-krk.de\/de\/aktivitaeten\/wandern\/punat-stara-baska\/gipfelsammlung-auf-die-3-hochsten-gipfel http:\/\/www.turm-krk.de\/de\/aktivitaeten\/wandern\/punat-stara-baska\/in-die-berge-von-stara-baska","og_url":"https:\/\/www.krk-mariana.com\/en\/impress\/","og_site_name":"Mariana Krk","article_publisher":"https:\/\/www.facebook.com\/marianastarabaska\/","article_modified_time":"2017-09-09T13:27:34+00:00","og_image":[{"width":1440,"height":1080,"url":"https:\/\/www.krk-mariana.com\/wp-content\/uploads\/2017\/05\/mariana-back-lowq.jpg","type":"image\/jpeg"}],"twitter_card":"summary_large_image","twitter_misc":{"Est. reading time":"1 minute"},"schema":{"@context":"https:\/\/schema.org","@graph":[{"@type":"WebPage","@id":"https:\/\/www.krk-mariana.com\/en\/impress\/","url":"https:\/\/www.krk-mariana.com\/en\/impress\/","name":"Impress &#8226; Mariana Krk","isPartOf":{"@id":"https:\/\/www.krk-mariana.com\/#website"},"datePublished":"2017-06-16T17:05:42+00:00","dateModified":"2017-09-09T13:27:34+00:00","breadcrumb":{"@id":"https:\/\/www.krk-mariana.com\/en\/impress\/#breadcrumb"},"inLanguage":"en-US","potentialAction":[{"@type":"ReadAction","target":["https:\/\/www.krk-mariana.com\/en\/impress\/"]}]},{"@type":"BreadcrumbList","@id":"https:\/\/www.krk-mariana.com\/en\/impress\/#breadcrumb","itemListElement":[{"@type":"ListItem","position":1,"name":"Startseite","item":"https:\/\/www.krk-mariana.com\/en\/"},{"@type":"ListItem","position":2,"name":"Impress"}]},{"@type":"WebSite","@id":"https:\/\/www.krk-mariana.com\/#website","url":"https:\/\/www.krk-mariana.com\/","name":"Mariana Krk","description":"Urlaub auf der Insel Krk","potentialAction":[{"@type":"SearchAction","target":{"@type":"EntryPoint","urlTemplate":"https:\/\/www.krk-mariana.com\/?s={search_term_string}"},"query-input":{"@type":"PropertyValueSpecification","valueRequired":true,"valueName":"search_term_string"}}],"inLanguage":"en-US"}]}},"_links":{"self":[{"href":"https:\/\/www.krk-mariana.com\/en\/wp-json\/wp\/v2\/pages\/25758","targetHints":{"allow":["GET"]}}],"collection":[{"href":"https:\/\/www.krk-mariana.com\/en\/wp-json\/wp\/v2\/pages"}],"about":[{"href":"https:\/\/www.krk-mariana.com\/en\/wp-json\/wp\/v2\/types\/page"}],"author":[{"embeddable":true,"href":"https:\/\/www.krk-mariana.com\/en\/wp-json\/wp\/v2\/users\/3"}],"replies":[{"embeddable":true,"href":"https:\/\/www.krk-mariana.com\/en\/wp-json\/wp\/v2\/comments?post=25758"}],"version-history":[{"count":0,"href":"https:\/\/www.krk-mariana.com\/en\/wp-json\/wp\/v2\/pages\/25758\/revisions"}],"wp:attachment":[{"href":"https:\/\/www.krk-mariana.com\/en\/wp-json\/wp\/v2\/media?parent=25758"}],"curies":[{"name":"wp","href":"https:\/\/api.w.org\/{rel}","templated":true}]}}