{"id":25632,"date":"2017-06-16T13:11:20","date_gmt":"2017-06-16T11:11:20","guid":{"rendered":"https:\/\/www.krk-mariana.com\/restaurant\/"},"modified":"2019-07-09T10:05:59","modified_gmt":"2019-07-09T08:05:59","slug":"restaurant","status":"publish","type":"page","link":"https:\/\/www.krk-mariana.com\/en\/restaurant\/","title":{"rendered":"restaurant"},"content":{"rendered":"<p>[et_pb_section fb_built=&#8221;1&#8243; admin_label=&#8221;Restaurant Mariana&#8221; _builder_version=&#8221;3.1&#8243; background_color=&#8221;#ffffff&#8221; use_background_color_gradient=&#8221;on&#8221; background_color_gradient_start=&#8221;#ffffff&#8221; background_color_gradient_end=&#8221;#ffffff&#8221; parallax=&#8221;on&#8221; parallax_method=&#8221;off&#8221;][et_pb_row admin_label=&#8221;row&#8221; _builder_version=&#8221;3.3.1&#8243; background_size=&#8221;initial&#8221; background_position=&#8221;top_left&#8221; background_repeat=&#8221;repeat&#8221;][et_pb_column type=&#8221;1_3&#8243; _builder_version=&#8221;3.0.47&#8243; parallax=&#8221;off&#8221; parallax_method=&#8221;on&#8221;][et_pb_video src=&#8221;https:\/\/www.krk-mariana.com\/wp-content\/uploads\/2018\/04\/Restaurantneu.mp4&#8243; _builder_version=&#8221;3.1.1&#8243;][\/et_pb_video][et_pb_image src=&#8221;https:\/\/www.krk-mariana.com\/wp-content\/uploads\/2017\/05\/restaurant-mariana-krk-6.jpg&#8221; _builder_version=&#8221;3.3.1&#8243;][\/et_pb_image][et_pb_image src=&#8221;https:\/\/www.krk-mariana.com\/wp-content\/uploads\/2017\/05\/terasse.jpg&#8221; _builder_version=&#8221;3.3.1&#8243;][\/et_pb_image][\/et_pb_column][et_pb_column type=&#8221;1_3&#8243; _builder_version=&#8221;3.0.47&#8243; parallax=&#8221;off&#8221; parallax_method=&#8221;on&#8221;][et_pb_text admin_label=&#8221;Restaurant Mariana&#8221; _builder_version=&#8221;3.0.47&#8243; background_size=&#8221;initial&#8221; background_position=&#8221;top_left&#8221; background_repeat=&#8221;repeat&#8221; background_layout=&#8221;dark&#8221; use_border_color=&#8221;off&#8221; border_color=&#8221;#ffffff&#8221; border_style=&#8221;solid&#8221;]<\/p>\n<h1>Restaurant Mariana<\/h1>\n<p>&nbsp;<br \/>\n[\/et_pb_text][et_pb_text _builder_version=&#8221;3.0.72&#8243; background_size=&#8221;initial&#8221; background_position=&#8221;top_left&#8221; background_repeat=&#8221;repeat&#8221; background_layout=&#8221;dark&#8221; border_style=&#8221;solid&#8221;]<\/p>\n<p style=\"text-align: justify;\"><span style=\"color: #000000;\">Das Restaurant Mariana befindet sich in Stara Baska im S\u00fcden der Insel Krk. Als altes Fischerd\u00f6rfchen ist die Qualit\u00e4t und die Vielfalt an Fisch in Stara Baska reichlich und vielf\u00e4ltig. Neben Fisch- und Grillgerichten bieten wir auch die traditionelle Peka an, die im offenen Feuer im Freien zubereitet wird.<\/span><\/p>\n<p><span style=\"color: #000000;\">Sitzen Sie auf unserer gro\u00dfz\u00fcgigen Terrasse, die teilweise \u00fcberdacht ist, und genie\u00dfen Sie einen einmaligen Ausblick auf die Kvaner Bucht und die Adria.\u00a0<\/span><br \/>\n[\/et_pb_text][\/et_pb_column][et_pb_column type=&#8221;1_3&#8243; _builder_version=&#8221;3.0.47&#8243; parallax=&#8221;off&#8221; parallax_method=&#8221;on&#8221;][et_pb_image src=&#8221;https:\/\/www.krk-mariana.com\/wp-content\/uploads\/2018\/05\/1c6a65486f1b4a50c5ff.jpg&#8221; _builder_version=&#8221;3.3.1&#8243;][\/et_pb_image][et_pb_image src=&#8221;https:\/\/www.krk-mariana.com\/wp-content\/uploads\/2018\/04\/tempImageForSave.jpg&#8221; _builder_version=&#8221;3.3.1&#8243;][\/et_pb_image][\/et_pb_column][\/et_pb_row][\/et_pb_section][et_pb_section fb_built=&#8221;1&#8243; admin_label=&#8221;Restaurant Mariana&#8221; _builder_version=&#8221;3.1&#8243; background_color=&#8221;#e0e0e0&#8243; use_background_color_gradient=&#8221;on&#8221; background_color_gradient_start=&#8221;#ffffff&#8221; background_color_gradient_end=&#8221;#ffffff&#8221; parallax=&#8221;on&#8221; parallax_method=&#8221;off&#8221;][et_pb_row background_position_1=&#8221;top_left&#8221; background_position_2=&#8221;top_left&#8221; background_repeat_1=&#8221;no-repeat&#8221; background_repeat_2=&#8221;no-repeat&#8221; admin_label=&#8221;row&#8221; module_id=&#8221;tischreservierung&#8221; _builder_version=&#8221;3.3.1&#8243; background_color=&#8221;rgba(255,255,255,0.26)&#8221; background_size=&#8221;initial&#8221; background_position=&#8221;top_left&#8221; background_repeat=&#8221;repeat&#8221; global_module=&#8221;25254&#8243;][et_pb_column type=&#8221;2_3&#8243; _builder_version=&#8221;3.0.47&#8243; parallax=&#8221;off&#8221; parallax_method=&#8221;on&#8221; background_position=&#8221;top_left&#8221; background_repeat=&#8221;no-repeat&#8221;][et_pb_contact_form email=&#8221;info@krk-mariana.com&#8221; disabled_on=&#8221;on|on|on&#8221; module_id=&#8221;et_pb_contact_form_0&#8243; _builder_version=&#8221;3.0.47&#8243; disabled=&#8221;on&#8221;][et_pb_contact_field field_id=&#8221;Name&#8221; field_title=&#8221;name&#8221; _builder_version=&#8221;3.0.47&#8243; border_radii=&#8221;on||||&#8221;][\/et_pb_contact_field][et_pb_contact_field field_id=&#8221;Email&#8221; field_title=&#8221;email&#8221; field_type=&#8221;email&#8221; _builder_version=&#8221;3.0.47&#8243; border_radii=&#8221;on||||&#8221;][\/et_pb_contact_field][et_pb_contact_field field_id=&#8221;Message&#8221; field_title=&#8221;message&#8221; field_type=&#8221;text&#8221; fullwidth_field=&#8221;on&#8221; _builder_version=&#8221;3.0.47&#8243; border_radii=&#8221;on||||&#8221;][\/et_pb_contact_field][\/et_pb_contact_form][et_pb_text admin_label=&#8221;Tischreservierung&#8221; _builder_version=&#8221;3.1&#8243; background_color=&#8221;rgba(0,0,0,0.13)&#8221; background_layout=&#8221;dark&#8221; border_style=&#8221;solid&#8221;]<\/p>\n<h3><span style=\"color: #545454;\">Tischreservierung<\/span><\/h3>\n<div id=\"wpcf7-f25008-o1\" class=\"wpcf7\" dir=\"ltr\" lang=\"de-DE\" role=\"form\">\n<div class=\"screen-reader-response\">\u00a0<\/div>\n<form class=\"wpcf7-form\" action=\"\/?et_pb_preview=true&amp;et_pb_preview_nonce=4d748b6721&amp;iframe_id=et-fb-preview-1524338791755-434#wpcf7-f25008-o1\" method=\"post\" novalidate=\"novalidate\">\n<div style=\"display: none;\"><input name=\"_wpcf7\" type=\"hidden\" value=\"25008\" \/> <input name=\"_wpcf7_version\" type=\"hidden\" value=\"5.0.1\" \/> <input name=\"_wpcf7_locale\" type=\"hidden\" value=\"de_DE\" \/> <input name=\"_wpcf7_unit_tag\" type=\"hidden\" value=\"wpcf7-f25008-o1\" \/> <input name=\"_wpcf7_container_post\" type=\"hidden\" value=\"0\" \/><\/div>\n<div class=\"form-group your-name\"><label class=\"\">Ihr Name <span class=\"required\">*<\/span><\/label><input class=\"wpcf7-form-control wpcf7-text wpcf7-validates-as-required form-control\" name=\"your-name\" required=\"\" type=\"text\" value=\"\" aria-invalid=\"false\" aria-required=\"true\" \/><\/div>\n<div class=\"form-group your-email\"><label class=\"\">Ihre Email-Adresse <span class=\"required\">*<\/span><\/label><input class=\"wpcf7-form-control wpcf7-text wpcf7-email wpcf7-validates-as-required wpcf7-validates-as-email form-control\" name=\"your-email\" required=\"\" type=\"email\" value=\"\" aria-invalid=\"false\" aria-required=\"true\" \/><\/div>\n<div class=\"form-group tel-574\"><label class=\"\">Telefon<\/label><input class=\"wpcf7-form-control wpcf7-text wpcf7-tel wpcf7-validates-as-tel form-control\" name=\"tel-574\" type=\"tel\" value=\"\" aria-invalid=\"false\" \/><\/div>\n<p><label><label>Personenzahl<\/label><\/label><\/p>\n<div class=\"form-group personenzahl-583\"><select class=\"wpcf7-form-control wpcf7-select wpcf7-validates-as-required form-control\" name=\"personenzahl-583\" required=\"\" aria-invalid=\"false\" aria-required=\"true\"><option selected=\"selected\" value=\"\">&#8212;<\/option><option value=\"1\">1<\/option><option value=\"2\">2<\/option><option value=\"3\">3<\/option><option value=\"4\">4<\/option><option value=\"5\">5<\/option><option value=\"6\">6<\/option><option value=\"7\">7<\/option><option value=\"8\">8<\/option><option value=\"9\">9<\/option><option value=\"10\">10<\/option><option value=\"mehr\">mehr<\/option><\/select><\/div>\n<p><label><label>Datum (ohne Kalender z.B. 2017-08-01 YYYY-MM-TT)<\/label><\/label><\/p>\n<div class=\"form-group date-77\"><input class=\"wpcf7-form-control wpcf7-date wpcf7-validates-as-required wpcf7-validates-as-date in_date form-control\" max=\"\" min=\"\" name=\"date-77\" required=\"\" step=\"\" type=\"date\" value=\"\" aria-invalid=\"false\" aria-required=\"true\" \/><\/div>\n<p>Uhrzeit <label><label>Stunden<\/label><\/label><\/p>\n<div class=\"form-group uhrzeitstd-442\"><select class=\"wpcf7-form-control wpcf7-select wpcf7-validates-as-required form-control\" name=\"uhrzeitstd-442\" required=\"\" aria-invalid=\"false\" aria-required=\"true\"><option value=\"09\">09<\/option><option value=\"10\">10<\/option><option value=\"11\">11<\/option><option value=\"12\">12<\/option><option value=\"13\">13<\/option><option value=\"14\">14<\/option><option value=\"15\">15<\/option><option value=\"16\">16<\/option><option value=\"17\">17<\/option><option value=\"18\">18<\/option><option value=\"19\">19<\/option><option value=\"20\">20<\/option><option value=\"21\">21<\/option><option value=\"22\">22<\/option><\/select><\/div>\n<p><label><label>Minuten<\/label><\/label><\/p>\n<div class=\"form-group uhrzeitmin-443\"><select class=\"wpcf7-form-control wpcf7-select wpcf7-validates-as-required form-control\" name=\"uhrzeitmin-443\" required=\"\" aria-invalid=\"false\" aria-required=\"true\"><option value=\"00\">00<\/option><option value=\"15\">15<\/option><option value=\"30\">30<\/option><option value=\"45\">45<\/option><\/select><\/div>\n<div class=\"form-group your-message\"><label class=\"\">Ihre Nachricht<\/label><textarea class=\"wpcf7-form-control wpcf7-textarea form-control\" name=\"your-message\" rows=\"4\" aria-invalid=\"false\"><\/textarea><\/div>\n<div class=\"wpcf7-form-control-wrap\">\n<div class=\"wpcf7-form-control g-recaptcha wpcf7-recaptcha\" data-sitekey=\"6Ldj7CMUAAAAAE3Y1YVHwSFbHLib4xeWJAvUbFdF\">\n<div style=\"width: 304px; height: 78px;\">\n<div><iframe loading=\"lazy\" role=\"presentation\" src=\"https:\/\/www.google.com\/recaptcha\/api2\/anchor?k=6Ldj7CMUAAAAAE3Y1YVHwSFbHLib4xeWJAvUbFdF&amp;co=aHR0cHM6Ly93d3cua3JrLW1hcmlhbmEuY29tOjQ0Mw..&amp;hl=de&amp;v=v1523860362251&amp;size=normal&amp;cb=dqmc0vclb3kv\" width=\"304\" height=\"78\" frameborder=\"0\" scrolling=\"no\" sandbox=\"allow-forms allow-popups allow-same-origin allow-scripts allow-top-navigation\"><\/iframe><\/div>\n<p><textarea id=\"g-recaptcha-response\" class=\"g-recaptcha-response\" style=\"width: 250px; height: 40px; border: 1px solid #c1c1c1; margin: 10px 25px; padding: 0px; resize: none; display: none;\" name=\"g-recaptcha-response\"><\/textarea><\/p>\n<\/div>\n<\/div>\n<p><noscript><br \/>\t&lt;div style=&#8221;width: 302px; height: 422px;&#8221;&gt;<br \/>\t\t&lt;div style=&#8221;width: 302px; height: 422px; position: relative;&#8221;&gt;<br \/>\t\t\t&lt;div style=&#8221;width: 302px; height: 422px; position: absolute;&#8221;&gt;<br \/>\t\t\t\t&lt;iframe src=&#8221;https:\/\/www.google.com\/recaptcha\/api\/fallback?k=6Ldj7CMUAAAAAE3Y1YVHwSFbHLib4xeWJAvUbFdF&#8221; frameborder=&#8221;0&#8243; scrolling=&#8221;no&#8221; style=&#8221;width: 302px; height:422px; border-style: none;&#8221;&gt;<br \/>\t\t\t\t&lt;\/iframe&gt;<br \/>\t\t\t&lt;\/div&gt;<br \/>\t\t\t&lt;div style=&#8221;width: 300px; height: 60px; border-style: none; bottom: 12px; left: 25px; margin: 0px; padding: 0px; right: 25px; background: #f9f9f9; border: 1px solid #c1c1c1; border-radius: 3px;&#8221;&gt;<br \/>\t\t\t\t&lt;textarea id=&#8221;g-recaptcha-response&#8221; name=&#8221;g-recaptcha-response&#8221; class=&#8221;g-recaptcha-response&#8221; style=&#8221;width: 250px; height: 40px; border: 1px solid #c1c1c1; margin: 10px 25px; padding: 0px; resize: none;&#8221;&gt;<br \/>\t\t\t\t&lt;\/textarea&gt;<br \/>\t\t\t&lt;\/div&gt;<br \/>\t\t&lt;\/div&gt;<br \/>\t&lt;\/div&gt;<br \/><\/noscript><\/p>\n<\/div>\n<div class=\"form-group\">\n<div><input class=\"wpcf7-form-control wpcf7-submit btn btn-primary\" type=\"submit\" value=\"Senden\" \/><\/div>\n<\/div>\n<div class=\"wpcf7-response-output wpcf7-display-none alert\">\u00a0<\/div>\n<\/form>\n<\/div>\n<p>[\/et_pb_text][\/et_pb_column][et_pb_column type=&#8221;1_3&#8243; _builder_version=&#8221;3.0.47&#8243; parallax=&#8221;off&#8221; parallax_method=&#8221;on&#8221; background_position=&#8221;top_left&#8221; background_repeat=&#8221;no-repeat&#8221;][\/et_pb_column][\/et_pb_row][\/et_pb_section]<\/p>\n","protected":false},"excerpt":{"rendered":"<p>Restaurant Mariana &nbsp; Das Restaurant Mariana befindet sich in Stara Baska im S\u00fcden der Insel Krk. Als altes Fischerd\u00f6rfchen ist die Qualit\u00e4t und die Vielfalt an Fisch in Stara Baska reichlich und vielf\u00e4ltig. Neben Fisch- und Grillgerichten bieten wir auch die traditionelle Peka an, die im offenen Feuer im Freien zubereitet wird. Sitzen Sie auf [&hellip;]<\/p>\n","protected":false},"author":3,"featured_media":0,"parent":0,"menu_order":11,"comment_status":"closed","ping_status":"closed","template":"","meta":{"_et_pb_use_builder":"on","_et_pb_old_content":"","_et_gb_content_width":"","footnotes":""},"class_list":["post-25632","page","type-page","status-publish","hentry"],"yoast_head":"<!-- This site is optimized with the Yoast SEO plugin v27.6 - https:\/\/yoast.com\/product\/yoast-seo-wordpress\/ -->\n<title>restaurant &#8226; Mariana Krk<\/title>\n<meta name=\"robots\" content=\"index, follow, max-snippet:-1, max-image-preview:large, max-video-preview:-1\" \/>\n<link rel=\"canonical\" href=\"https:\/\/www.krk-mariana.com\/en\/restaurant\/\" \/>\n<meta property=\"og:locale\" content=\"en_US\" \/>\n<meta property=\"og:type\" content=\"article\" \/>\n<meta property=\"og:title\" content=\"restaurant &#8226; Mariana Krk\" \/>\n<meta property=\"og:description\" content=\"Restaurant Mariana &nbsp; Das Restaurant Mariana befindet sich in Stara Baska im S\u00fcden der Insel Krk. Als altes Fischerd\u00f6rfchen ist die Qualit\u00e4t und die Vielfalt an Fisch in Stara Baska reichlich und vielf\u00e4ltig. Neben Fisch- und Grillgerichten bieten wir auch die traditionelle Peka an, die im offenen Feuer im Freien zubereitet wird. Sitzen Sie auf [&hellip;]\" \/>\n<meta property=\"og:url\" content=\"https:\/\/www.krk-mariana.com\/en\/restaurant\/\" \/>\n<meta property=\"og:site_name\" content=\"Mariana Krk\" \/>\n<meta property=\"article:publisher\" content=\"https:\/\/www.facebook.com\/marianastarabaska\/\" \/>\n<meta property=\"article:modified_time\" content=\"2019-07-09T08:05:59+00:00\" \/>\n<meta property=\"og:image\" content=\"https:\/\/www.krk-mariana.com\/wp-content\/uploads\/2017\/05\/mariana-back-lowq.jpg\" \/>\n\t<meta property=\"og:image:width\" content=\"1440\" \/>\n\t<meta property=\"og:image:height\" content=\"1080\" \/>\n\t<meta property=\"og:image:type\" content=\"image\/jpeg\" \/>\n<meta name=\"twitter:card\" content=\"summary_large_image\" \/>\n<meta name=\"twitter:label1\" content=\"Est. reading time\" \/>\n\t<meta name=\"twitter:data1\" content=\"4 minutes\" \/>\n<script type=\"application\/ld+json\" class=\"yoast-schema-graph\">{\"@context\":\"https:\\\/\\\/schema.org\",\"@graph\":[{\"@type\":\"WebPage\",\"@id\":\"https:\\\/\\\/www.krk-mariana.com\\\/en\\\/restaurant\\\/\",\"url\":\"https:\\\/\\\/www.krk-mariana.com\\\/en\\\/restaurant\\\/\",\"name\":\"restaurant &#8226; Mariana Krk\",\"isPartOf\":{\"@id\":\"https:\\\/\\\/www.krk-mariana.com\\\/#website\"},\"datePublished\":\"2017-06-16T11:11:20+00:00\",\"dateModified\":\"2019-07-09T08:05:59+00:00\",\"breadcrumb\":{\"@id\":\"https:\\\/\\\/www.krk-mariana.com\\\/en\\\/restaurant\\\/#breadcrumb\"},\"inLanguage\":\"en-US\",\"potentialAction\":[{\"@type\":\"ReadAction\",\"target\":[\"https:\\\/\\\/www.krk-mariana.com\\\/en\\\/restaurant\\\/\"]}]},{\"@type\":\"BreadcrumbList\",\"@id\":\"https:\\\/\\\/www.krk-mariana.com\\\/en\\\/restaurant\\\/#breadcrumb\",\"itemListElement\":[{\"@type\":\"ListItem\",\"position\":1,\"name\":\"Startseite\",\"item\":\"https:\\\/\\\/www.krk-mariana.com\\\/en\\\/\"},{\"@type\":\"ListItem\",\"position\":2,\"name\":\"restaurant\"}]},{\"@type\":\"WebSite\",\"@id\":\"https:\\\/\\\/www.krk-mariana.com\\\/#website\",\"url\":\"https:\\\/\\\/www.krk-mariana.com\\\/\",\"name\":\"Mariana Krk\",\"description\":\"Urlaub auf der Insel Krk\",\"potentialAction\":[{\"@type\":\"SearchAction\",\"target\":{\"@type\":\"EntryPoint\",\"urlTemplate\":\"https:\\\/\\\/www.krk-mariana.com\\\/?s={search_term_string}\"},\"query-input\":{\"@type\":\"PropertyValueSpecification\",\"valueRequired\":true,\"valueName\":\"search_term_string\"}}],\"inLanguage\":\"en-US\"}]}<\/script>\n<!-- \/ Yoast SEO plugin. -->","yoast_head_json":{"title":"restaurant &#8226; Mariana Krk","robots":{"index":"index","follow":"follow","max-snippet":"max-snippet:-1","max-image-preview":"max-image-preview:large","max-video-preview":"max-video-preview:-1"},"canonical":"https:\/\/www.krk-mariana.com\/en\/restaurant\/","og_locale":"en_US","og_type":"article","og_title":"restaurant &#8226; Mariana Krk","og_description":"Restaurant Mariana &nbsp; Das Restaurant Mariana befindet sich in Stara Baska im S\u00fcden der Insel Krk. Als altes Fischerd\u00f6rfchen ist die Qualit\u00e4t und die Vielfalt an Fisch in Stara Baska reichlich und vielf\u00e4ltig. Neben Fisch- und Grillgerichten bieten wir auch die traditionelle Peka an, die im offenen Feuer im Freien zubereitet wird. Sitzen Sie auf [&hellip;]","og_url":"https:\/\/www.krk-mariana.com\/en\/restaurant\/","og_site_name":"Mariana Krk","article_publisher":"https:\/\/www.facebook.com\/marianastarabaska\/","article_modified_time":"2019-07-09T08:05:59+00:00","og_image":[{"width":1440,"height":1080,"url":"https:\/\/www.krk-mariana.com\/wp-content\/uploads\/2017\/05\/mariana-back-lowq.jpg","type":"image\/jpeg"}],"twitter_card":"summary_large_image","twitter_misc":{"Est. reading time":"4 minutes"},"schema":{"@context":"https:\/\/schema.org","@graph":[{"@type":"WebPage","@id":"https:\/\/www.krk-mariana.com\/en\/restaurant\/","url":"https:\/\/www.krk-mariana.com\/en\/restaurant\/","name":"restaurant &#8226; Mariana Krk","isPartOf":{"@id":"https:\/\/www.krk-mariana.com\/#website"},"datePublished":"2017-06-16T11:11:20+00:00","dateModified":"2019-07-09T08:05:59+00:00","breadcrumb":{"@id":"https:\/\/www.krk-mariana.com\/en\/restaurant\/#breadcrumb"},"inLanguage":"en-US","potentialAction":[{"@type":"ReadAction","target":["https:\/\/www.krk-mariana.com\/en\/restaurant\/"]}]},{"@type":"BreadcrumbList","@id":"https:\/\/www.krk-mariana.com\/en\/restaurant\/#breadcrumb","itemListElement":[{"@type":"ListItem","position":1,"name":"Startseite","item":"https:\/\/www.krk-mariana.com\/en\/"},{"@type":"ListItem","position":2,"name":"restaurant"}]},{"@type":"WebSite","@id":"https:\/\/www.krk-mariana.com\/#website","url":"https:\/\/www.krk-mariana.com\/","name":"Mariana Krk","description":"Urlaub auf der Insel Krk","potentialAction":[{"@type":"SearchAction","target":{"@type":"EntryPoint","urlTemplate":"https:\/\/www.krk-mariana.com\/?s={search_term_string}"},"query-input":{"@type":"PropertyValueSpecification","valueRequired":true,"valueName":"search_term_string"}}],"inLanguage":"en-US"}]}},"_links":{"self":[{"href":"https:\/\/www.krk-mariana.com\/en\/wp-json\/wp\/v2\/pages\/25632","targetHints":{"allow":["GET"]}}],"collection":[{"href":"https:\/\/www.krk-mariana.com\/en\/wp-json\/wp\/v2\/pages"}],"about":[{"href":"https:\/\/www.krk-mariana.com\/en\/wp-json\/wp\/v2\/types\/page"}],"author":[{"embeddable":true,"href":"https:\/\/www.krk-mariana.com\/en\/wp-json\/wp\/v2\/users\/3"}],"replies":[{"embeddable":true,"href":"https:\/\/www.krk-mariana.com\/en\/wp-json\/wp\/v2\/comments?post=25632"}],"version-history":[{"count":0,"href":"https:\/\/www.krk-mariana.com\/en\/wp-json\/wp\/v2\/pages\/25632\/revisions"}],"wp:attachment":[{"href":"https:\/\/www.krk-mariana.com\/en\/wp-json\/wp\/v2\/media?parent=25632"}],"curies":[{"name":"wp","href":"https:\/\/api.w.org\/{rel}","templated":true}]}}